{"id":8729,"date":"2025-06-18T17:13:16","date_gmt":"2025-06-18T15:13:16","guid":{"rendered":"https:\/\/www.olalaparty.com\/?post_type=product&#038;p=8729"},"modified":"2026-03-09T16:23:17","modified_gmt":"2026-03-09T15:23:17","slug":"coaching-en-visio-1h-avec-mlle-loison","status":"publish","type":"product","link":"https:\/\/www.olalaparty.com\/en\/produit\/coaching-en-visio-1h-avec-mlle-loison\/","title":{"rendered":"Coaching en Visio 1H avec Mlle Loison"},"content":{"rendered":"","protected":false},"excerpt":{"rendered":"<h6 data-start=\"245\" data-end=\"310\"><strong>Cours en visio avec \u00c9milie Loison \u2013 Fondatrice d\u2019Olala Party<\/strong><\/h6>\n<h6 data-start=\"312\" data-end=\"409\">R\u00e9v\u00e9lez votre f\u00e9minit\u00e9, votre cr\u00e9ativit\u00e9 et votre audace dans un cadre bienveillant et inspirant.<\/h6>\n<h6 data-start=\"411\" data-end=\"712\">Que vous soyez d\u00e9butante, curieuse ou en pleine cr\u00e9ation de num\u00e9ro, ces s\u00e9ances personnalis\u00e9es en visio sont l\u2019occasion unique de b\u00e9n\u00e9ficier d\u2019un accompagnement direct avec <strong data-start=\"584\" data-end=\"601\">\u00c9milie Loison<\/strong>, artiste, metteuse en sc\u00e8ne et fondatrice de <strong data-start=\"647\" data-end=\"662\">Olala Party<\/strong>, \u00e9cole de cabaret burlesque reconnue depuis 2009.<\/h6>\n<h6 data-start=\"714\" data-end=\"853\">Depuis plus de 15 ans, \u00c9milie transmet avec g\u00e9n\u00e9rosit\u00e9 son univers artistique, m\u00ealant \u00e9l\u00e9gance, humour, sensualit\u00e9 et libert\u00e9 d\u2019expression.<\/h6>\n<h6 data-start=\"855\" data-end=\"1036\">Elles sont d\u00e9j\u00e0 <strong data-start=\"871\" data-end=\"929\">des centaines de femmes en France et \u00e0 l\u2019international<\/strong> \u00e0 avoir os\u00e9 jouer les showgirls avec \u00c9milie pour lib\u00e9rer leur cr\u00e9ativit\u00e9, leur confiance et leur pr\u00e9sence.<\/h6>\n<hr data-start=\"1038\" data-end=\"1041\" \/>\n<h6 data-start=\"1043\" data-end=\"1083\">\ud83d\udcbb S\u00e9ance individuelle en visio \u2013 1h<\/h6>\n<h6 data-start=\"1084\" data-end=\"1092\">80 \u20ac<\/h6>\n<h6 data-start=\"1094\" data-end=\"1147\">Un accompagnement <strong data-start=\"1112\" data-end=\"1146\">sur-mesure, rien que pour vous<\/strong>.<\/h6>\n<h6 data-start=\"1149\" data-end=\"1205\">Chaque s\u00e9ance s\u2019adapte \u00e0 vos envies et \u00e0 vos objectifs :<\/h6>\n<h6 data-start=\"1207\" data-end=\"1255\">\u2728 Cr\u00e9ation de num\u00e9ro d\u2019effeuillage burlesque<\/h6>\n<ul data-start=\"1256\" data-end=\"1442\">\n<li data-start=\"1256\" data-end=\"1287\">\n<h6 data-start=\"1258\" data-end=\"1287\">faire le tri dans vos id\u00e9es<\/h6>\n<\/li>\n<li data-start=\"1288\" data-end=\"1317\">\n<h6 data-start=\"1290\" data-end=\"1317\">choisir la musique id\u00e9ale<\/h6>\n<\/li>\n<li data-start=\"1318\" data-end=\"1357\">\n<h6 data-start=\"1320\" data-end=\"1357\">construire une dramaturgie efficace<\/h6>\n<\/li>\n<li data-start=\"1358\" data-end=\"1404\">\n<h6 data-start=\"1360\" data-end=\"1404\">imaginer les surprises et les moments cl\u00e9s<\/h6>\n<\/li>\n<li data-start=\"1405\" data-end=\"1442\">\n<h6 data-start=\"1407\" data-end=\"1442\">structurer votre num\u00e9ro en rythme<\/h6>\n<\/li>\n<\/ul>\n<h6 data-start=\"1444\" data-end=\"1477\">\u2728 Confiance en soi &amp; f\u00e9minit\u00e9<\/h6>\n<ul data-start=\"1478\" data-end=\"1633\">\n<li data-start=\"1478\" data-end=\"1505\">\n<h6 data-start=\"1480\" data-end=\"1505\">identifier les blocages<\/h6>\n<\/li>\n<li data-start=\"1506\" data-end=\"1535\">\n<h6 data-start=\"1508\" data-end=\"1535\">explorer votre cr\u00e9ativit\u00e9<\/h6>\n<\/li>\n<li data-start=\"1536\" data-end=\"1581\">\n<h6 data-start=\"1538\" data-end=\"1581\">d\u00e9velopper votre pr\u00e9sence et votre audace<\/h6>\n<\/li>\n<li data-start=\"1582\" data-end=\"1633\">\n<h6 data-start=\"1584\" data-end=\"1633\">mettre en place un processus cr\u00e9atif lib\u00e9rateur<\/h6>\n<\/li>\n<\/ul>\n<h6 data-start=\"1635\" data-end=\"1662\">\u2728 Rendez-vous s\u00e9duction<\/h6>\n<h6 data-start=\"1663\" data-end=\"1691\">Envie de cr\u00e9er la surprise ?<\/h6>\n<h6 data-start=\"1693\" data-end=\"1851\">\u00c9milie peut vous accompagner dans la cr\u00e9ation d\u2019un <strong data-start=\"1744\" data-end=\"1818\">num\u00e9ro court d\u2019effeuillage burlesque \u00e0 offrir lors d\u2019un moment sp\u00e9cial<\/strong>, dans l\u2019intimit\u00e9 de votre salon.<\/h6>\n<hr data-start=\"1853\" data-end=\"1856\" \/>\n<h6 data-start=\"1858\" data-end=\"1992\">Apr\u00e8s r\u00e9servation, vous serez invit\u00e9e \u00e0 pr\u00e9ciser vos envies ou objectifs afin que la s\u00e9ance soit parfaitement adapt\u00e9e \u00e0 votre univers.<\/h6>\n<h6 data-start=\"1994\" data-end=\"2067\">\u2728 Une exp\u00e9rience <strong data-start=\"2011\" data-end=\"2049\">humaine, artistique et lib\u00e9ratrice<\/strong>, m\u00eame \u00e0 distance.<\/h6>\n<h6 data-start=\"2069\" data-end=\"2133\"><strong data-start=\"2069\" data-end=\"2133\">R\u00e9servez d\u00e8s maintenant votre moment privil\u00e9gi\u00e9 avec \u00c9milie.<\/strong><\/h6>\n","protected":false},"featured_media":8730,"template":"","meta":[],"product_brand":[],"product_cat":[207],"product_tag":[],"class_list":{"0":"post-8729","1":"product","2":"type-product","3":"status-publish","4":"has-post-thumbnail","6":"product_cat-cours-prive","8":"first","9":"instock","10":"virtual","11":"taxable","12":"purchasable","13":"product-type-simple"},"yoast_head":"<!-- This site is optimized with the Yoast SEO plugin v27.5 - https:\/\/yoast.com\/product\/yoast-seo-wordpress\/ -->\n<title>Coaching en Visio 1H avec Mlle Loison - Effeuillage Burlesque<\/title>\n<meta name=\"robots\" content=\"index, follow, max-snippet:-1, max-image-preview:large, max-video-preview:-1\" \/>\n<link rel=\"canonical\" href=\"https:\/\/www.olalaparty.com\/produit\/coaching-en-visio-1h-avec-mlle-loison\/\" \/>\n<meta property=\"og:locale\" content=\"en_US\" \/>\n<meta property=\"og:type\" content=\"article\" \/>\n<meta property=\"og:title\" content=\"Coaching en Visio 1H avec Mlle Loison - Effeuillage Burlesque\" \/>\n<meta property=\"og:description\" content=\"Cours en visio avec \u00c9milie Loison \u2013 Fondatrice d\u2019Olala Party R\u00e9v\u00e9lez votre f\u00e9minit\u00e9, votre cr\u00e9ativit\u00e9 et votre audace dans un cadre bienveillant et inspirant. Que vous soyez d\u00e9butante, curieuse ou en pleine cr\u00e9ation de num\u00e9ro, ces s\u00e9ances personnalis\u00e9es en visio sont l\u2019occasion unique de b\u00e9n\u00e9ficier d\u2019un accompagnement direct avec \u00c9milie Loison, artiste, metteuse en sc\u00e8ne et fondatrice de Olala Party, \u00e9cole de cabaret burlesque reconnue depuis 2009. Depuis plus de 15 ans, \u00c9milie transmet avec g\u00e9n\u00e9rosit\u00e9 son univers artistique, m\u00ealant \u00e9l\u00e9gance, humour, sensualit\u00e9 et libert\u00e9 d\u2019expression. Elles sont d\u00e9j\u00e0 des centaines de femmes en France et \u00e0 l\u2019international \u00e0 avoir os\u00e9 jouer les showgirls avec \u00c9milie pour lib\u00e9rer leur cr\u00e9ativit\u00e9, leur confiance et leur pr\u00e9sence.    \ud83d\udcbb S\u00e9ance individuelle en visio \u2013 1h 80 \u20ac Un accompagnement sur-mesure, rien que pour vous. Chaque s\u00e9ance s\u2019adapte \u00e0 vos envies et \u00e0 vos objectifs : \u2728 Cr\u00e9ation de num\u00e9ro d\u2019effeuillage burlesque    faire le tri dans vos id\u00e9es    choisir la musique id\u00e9ale    construire une dramaturgie efficace    imaginer les surprises et les moments cl\u00e9s    structurer votre num\u00e9ro en rythme   \u2728 Confiance en soi &amp; f\u00e9minit\u00e9    identifier les blocages    explorer votre cr\u00e9ativit\u00e9    d\u00e9velopper votre pr\u00e9sence et votre audace    mettre en place un processus cr\u00e9atif lib\u00e9rateur   \u2728 Rendez-vous s\u00e9duction Envie de cr\u00e9er la surprise ? \u00c9milie peut vous accompagner dans la cr\u00e9ation d\u2019un num\u00e9ro court d\u2019effeuillage burlesque \u00e0 offrir lors d\u2019un moment sp\u00e9cial, dans l\u2019intimit\u00e9 de votre salon.    Apr\u00e8s r\u00e9servation, vous serez invit\u00e9e \u00e0 pr\u00e9ciser vos envies ou objectifs afin que la s\u00e9ance soit parfaitement adapt\u00e9e \u00e0 votre univers. \u2728 Une exp\u00e9rience humaine, artistique et lib\u00e9ratrice, m\u00eame \u00e0 distance. R\u00e9servez d\u00e8s maintenant votre moment privil\u00e9gi\u00e9 avec \u00c9milie.\" \/>\n<meta property=\"og:url\" content=\"https:\/\/www.olalaparty.com\/produit\/coaching-en-visio-1h-avec-mlle-loison\/\" \/>\n<meta property=\"og:site_name\" content=\"Effeuillage Burlesque\" \/>\n<meta property=\"article:modified_time\" content=\"2026-03-09T15:23:17+00:00\" \/>\n<meta property=\"og:image\" content=\"https:\/\/www.olalaparty.com\/wp-content\/uploads\/2025\/06\/Cycles-Reguliers-14.jpg\" \/>\n\t<meta property=\"og:image:width\" content=\"1080\" \/>\n\t<meta property=\"og:image:height\" content=\"1080\" \/>\n\t<meta property=\"og:image:type\" content=\"image\/jpeg\" \/>\n<meta name=\"twitter:card\" content=\"summary_large_image\" \/>\n<meta name=\"twitter:label1\" content=\"Est. reading time\" \/>\n\t<meta name=\"twitter:data1\" content=\"1 minute\" \/>\n<script type=\"application\/ld+json\" class=\"yoast-schema-graph\">{\"@context\":\"https:\\\/\\\/schema.org\",\"@graph\":[{\"@type\":\"WebPage\",\"@id\":\"https:\\\/\\\/www.olalaparty.com\\\/produit\\\/coaching-en-visio-1h-avec-mlle-loison\\\/\",\"url\":\"https:\\\/\\\/www.olalaparty.com\\\/produit\\\/coaching-en-visio-1h-avec-mlle-loison\\\/\",\"name\":\"Coaching en Visio 1H avec Mlle Loison - Effeuillage Burlesque\",\"isPartOf\":{\"@id\":\"https:\\\/\\\/www.olalaparty.com\\\/#website\"},\"primaryImageOfPage\":{\"@id\":\"https:\\\/\\\/www.olalaparty.com\\\/produit\\\/coaching-en-visio-1h-avec-mlle-loison\\\/#primaryimage\"},\"image\":{\"@id\":\"https:\\\/\\\/www.olalaparty.com\\\/produit\\\/coaching-en-visio-1h-avec-mlle-loison\\\/#primaryimage\"},\"thumbnailUrl\":\"https:\\\/\\\/www.olalaparty.com\\\/wp-content\\\/uploads\\\/2025\\\/06\\\/Cycles-Reguliers-14.jpg\",\"datePublished\":\"2025-06-18T15:13:16+00:00\",\"dateModified\":\"2026-03-09T15:23:17+00:00\",\"breadcrumb\":{\"@id\":\"https:\\\/\\\/www.olalaparty.com\\\/produit\\\/coaching-en-visio-1h-avec-mlle-loison\\\/#breadcrumb\"},\"inLanguage\":\"en-US\",\"potentialAction\":[{\"@type\":\"ReadAction\",\"target\":[\"https:\\\/\\\/www.olalaparty.com\\\/produit\\\/coaching-en-visio-1h-avec-mlle-loison\\\/\"]}]},{\"@type\":\"ImageObject\",\"inLanguage\":\"en-US\",\"@id\":\"https:\\\/\\\/www.olalaparty.com\\\/produit\\\/coaching-en-visio-1h-avec-mlle-loison\\\/#primaryimage\",\"url\":\"https:\\\/\\\/www.olalaparty.com\\\/wp-content\\\/uploads\\\/2025\\\/06\\\/Cycles-Reguliers-14.jpg\",\"contentUrl\":\"https:\\\/\\\/www.olalaparty.com\\\/wp-content\\\/uploads\\\/2025\\\/06\\\/Cycles-Reguliers-14.jpg\",\"width\":1080,\"height\":1080},{\"@type\":\"BreadcrumbList\",\"@id\":\"https:\\\/\\\/www.olalaparty.com\\\/produit\\\/coaching-en-visio-1h-avec-mlle-loison\\\/#breadcrumb\",\"itemListElement\":[{\"@type\":\"ListItem\",\"position\":1,\"name\":\"Accueil\",\"item\":\"https:\\\/\\\/www.olalaparty.com\\\/en\\\/home\\\/\"},{\"@type\":\"ListItem\",\"position\":2,\"name\":\"Boutique\",\"item\":\"https:\\\/\\\/www.olalaparty.com\\\/boutique-olala\\\/\"},{\"@type\":\"ListItem\",\"position\":3,\"name\":\"Coaching en Visio 1H avec Mlle Loison\"}]},{\"@type\":\"WebSite\",\"@id\":\"https:\\\/\\\/www.olalaparty.com\\\/#website\",\"url\":\"https:\\\/\\\/www.olalaparty.com\\\/\",\"name\":\"Effeuillage Burlesque\",\"description\":\"\",\"publisher\":{\"@id\":\"https:\\\/\\\/www.olalaparty.com\\\/#organization\"},\"potentialAction\":[{\"@type\":\"SearchAction\",\"target\":{\"@type\":\"EntryPoint\",\"urlTemplate\":\"https:\\\/\\\/www.olalaparty.com\\\/?s={search_term_string}\"},\"query-input\":{\"@type\":\"PropertyValueSpecification\",\"valueRequired\":true,\"valueName\":\"search_term_string\"}}],\"inLanguage\":\"en-US\"},{\"@type\":\"Organization\",\"@id\":\"https:\\\/\\\/www.olalaparty.com\\\/#organization\",\"name\":\"Olala Party\",\"url\":\"https:\\\/\\\/www.olalaparty.com\\\/\",\"logo\":{\"@type\":\"ImageObject\",\"inLanguage\":\"en-US\",\"@id\":\"https:\\\/\\\/www.olalaparty.com\\\/#\\\/schema\\\/logo\\\/image\\\/\",\"url\":\"https:\\\/\\\/www.olalaparty.com\\\/wp-content\\\/uploads\\\/2023\\\/03\\\/effeuillage-burlesque-olala-party.svg\",\"contentUrl\":\"https:\\\/\\\/www.olalaparty.com\\\/wp-content\\\/uploads\\\/2023\\\/03\\\/effeuillage-burlesque-olala-party.svg\",\"width\":97,\"height\":97,\"caption\":\"Olala Party\"},\"image\":{\"@id\":\"https:\\\/\\\/www.olalaparty.com\\\/#\\\/schema\\\/logo\\\/image\\\/\"}}]}<\/script>\n<!-- \/ Yoast SEO plugin. -->","yoast_head_json":{"title":"Coaching en Visio 1H avec Mlle Loison - Effeuillage Burlesque","robots":{"index":"index","follow":"follow","max-snippet":"max-snippet:-1","max-image-preview":"max-image-preview:large","max-video-preview":"max-video-preview:-1"},"canonical":"https:\/\/www.olalaparty.com\/produit\/coaching-en-visio-1h-avec-mlle-loison\/","og_locale":"en_US","og_type":"article","og_title":"Coaching en Visio 1H avec Mlle Loison - Effeuillage Burlesque","og_description":"Cours en visio avec \u00c9milie Loison \u2013 Fondatrice d\u2019Olala Party R\u00e9v\u00e9lez votre f\u00e9minit\u00e9, votre cr\u00e9ativit\u00e9 et votre audace dans un cadre bienveillant et inspirant. Que vous soyez d\u00e9butante, curieuse ou en pleine cr\u00e9ation de num\u00e9ro, ces s\u00e9ances personnalis\u00e9es en visio sont l\u2019occasion unique de b\u00e9n\u00e9ficier d\u2019un accompagnement direct avec \u00c9milie Loison, artiste, metteuse en sc\u00e8ne et fondatrice de Olala Party, \u00e9cole de cabaret burlesque reconnue depuis 2009. Depuis plus de 15 ans, \u00c9milie transmet avec g\u00e9n\u00e9rosit\u00e9 son univers artistique, m\u00ealant \u00e9l\u00e9gance, humour, sensualit\u00e9 et libert\u00e9 d\u2019expression. Elles sont d\u00e9j\u00e0 des centaines de femmes en France et \u00e0 l\u2019international \u00e0 avoir os\u00e9 jouer les showgirls avec \u00c9milie pour lib\u00e9rer leur cr\u00e9ativit\u00e9, leur confiance et leur pr\u00e9sence.    \ud83d\udcbb S\u00e9ance individuelle en visio \u2013 1h 80 \u20ac Un accompagnement sur-mesure, rien que pour vous. Chaque s\u00e9ance s\u2019adapte \u00e0 vos envies et \u00e0 vos objectifs : \u2728 Cr\u00e9ation de num\u00e9ro d\u2019effeuillage burlesque    faire le tri dans vos id\u00e9es    choisir la musique id\u00e9ale    construire une dramaturgie efficace    imaginer les surprises et les moments cl\u00e9s    structurer votre num\u00e9ro en rythme   \u2728 Confiance en soi &amp; f\u00e9minit\u00e9    identifier les blocages    explorer votre cr\u00e9ativit\u00e9    d\u00e9velopper votre pr\u00e9sence et votre audace    mettre en place un processus cr\u00e9atif lib\u00e9rateur   \u2728 Rendez-vous s\u00e9duction Envie de cr\u00e9er la surprise ? \u00c9milie peut vous accompagner dans la cr\u00e9ation d\u2019un num\u00e9ro court d\u2019effeuillage burlesque \u00e0 offrir lors d\u2019un moment sp\u00e9cial, dans l\u2019intimit\u00e9 de votre salon.    Apr\u00e8s r\u00e9servation, vous serez invit\u00e9e \u00e0 pr\u00e9ciser vos envies ou objectifs afin que la s\u00e9ance soit parfaitement adapt\u00e9e \u00e0 votre univers. \u2728 Une exp\u00e9rience humaine, artistique et lib\u00e9ratrice, m\u00eame \u00e0 distance. R\u00e9servez d\u00e8s maintenant votre moment privil\u00e9gi\u00e9 avec \u00c9milie.","og_url":"https:\/\/www.olalaparty.com\/produit\/coaching-en-visio-1h-avec-mlle-loison\/","og_site_name":"Effeuillage Burlesque","article_modified_time":"2026-03-09T15:23:17+00:00","og_image":[{"width":1080,"height":1080,"url":"https:\/\/www.olalaparty.com\/wp-content\/uploads\/2025\/06\/Cycles-Reguliers-14.jpg","type":"image\/jpeg"}],"twitter_card":"summary_large_image","twitter_misc":{"Est. reading time":"1 minute"},"schema":{"@context":"https:\/\/schema.org","@graph":[{"@type":"WebPage","@id":"https:\/\/www.olalaparty.com\/produit\/coaching-en-visio-1h-avec-mlle-loison\/","url":"https:\/\/www.olalaparty.com\/produit\/coaching-en-visio-1h-avec-mlle-loison\/","name":"Coaching en Visio 1H avec Mlle Loison - Effeuillage Burlesque","isPartOf":{"@id":"https:\/\/www.olalaparty.com\/#website"},"primaryImageOfPage":{"@id":"https:\/\/www.olalaparty.com\/produit\/coaching-en-visio-1h-avec-mlle-loison\/#primaryimage"},"image":{"@id":"https:\/\/www.olalaparty.com\/produit\/coaching-en-visio-1h-avec-mlle-loison\/#primaryimage"},"thumbnailUrl":"https:\/\/www.olalaparty.com\/wp-content\/uploads\/2025\/06\/Cycles-Reguliers-14.jpg","datePublished":"2025-06-18T15:13:16+00:00","dateModified":"2026-03-09T15:23:17+00:00","breadcrumb":{"@id":"https:\/\/www.olalaparty.com\/produit\/coaching-en-visio-1h-avec-mlle-loison\/#breadcrumb"},"inLanguage":"en-US","potentialAction":[{"@type":"ReadAction","target":["https:\/\/www.olalaparty.com\/produit\/coaching-en-visio-1h-avec-mlle-loison\/"]}]},{"@type":"ImageObject","inLanguage":"en-US","@id":"https:\/\/www.olalaparty.com\/produit\/coaching-en-visio-1h-avec-mlle-loison\/#primaryimage","url":"https:\/\/www.olalaparty.com\/wp-content\/uploads\/2025\/06\/Cycles-Reguliers-14.jpg","contentUrl":"https:\/\/www.olalaparty.com\/wp-content\/uploads\/2025\/06\/Cycles-Reguliers-14.jpg","width":1080,"height":1080},{"@type":"BreadcrumbList","@id":"https:\/\/www.olalaparty.com\/produit\/coaching-en-visio-1h-avec-mlle-loison\/#breadcrumb","itemListElement":[{"@type":"ListItem","position":1,"name":"Accueil","item":"https:\/\/www.olalaparty.com\/en\/home\/"},{"@type":"ListItem","position":2,"name":"Boutique","item":"https:\/\/www.olalaparty.com\/boutique-olala\/"},{"@type":"ListItem","position":3,"name":"Coaching en Visio 1H avec Mlle Loison"}]},{"@type":"WebSite","@id":"https:\/\/www.olalaparty.com\/#website","url":"https:\/\/www.olalaparty.com\/","name":"Effeuillage Burlesque","description":"","publisher":{"@id":"https:\/\/www.olalaparty.com\/#organization"},"potentialAction":[{"@type":"SearchAction","target":{"@type":"EntryPoint","urlTemplate":"https:\/\/www.olalaparty.com\/?s={search_term_string}"},"query-input":{"@type":"PropertyValueSpecification","valueRequired":true,"valueName":"search_term_string"}}],"inLanguage":"en-US"},{"@type":"Organization","@id":"https:\/\/www.olalaparty.com\/#organization","name":"Olala Party","url":"https:\/\/www.olalaparty.com\/","logo":{"@type":"ImageObject","inLanguage":"en-US","@id":"https:\/\/www.olalaparty.com\/#\/schema\/logo\/image\/","url":"https:\/\/www.olalaparty.com\/wp-content\/uploads\/2023\/03\/effeuillage-burlesque-olala-party.svg","contentUrl":"https:\/\/www.olalaparty.com\/wp-content\/uploads\/2023\/03\/effeuillage-burlesque-olala-party.svg","width":97,"height":97,"caption":"Olala Party"},"image":{"@id":"https:\/\/www.olalaparty.com\/#\/schema\/logo\/image\/"}}]}},"_links":{"self":[{"href":"https:\/\/www.olalaparty.com\/en\/wp-json\/wp\/v2\/product\/8729","targetHints":{"allow":["GET"]}}],"collection":[{"href":"https:\/\/www.olalaparty.com\/en\/wp-json\/wp\/v2\/product"}],"about":[{"href":"https:\/\/www.olalaparty.com\/en\/wp-json\/wp\/v2\/types\/product"}],"wp:featuredmedia":[{"embeddable":true,"href":"https:\/\/www.olalaparty.com\/en\/wp-json\/wp\/v2\/media\/8730"}],"wp:attachment":[{"href":"https:\/\/www.olalaparty.com\/en\/wp-json\/wp\/v2\/media?parent=8729"}],"wp:term":[{"taxonomy":"product_brand","embeddable":true,"href":"https:\/\/www.olalaparty.com\/en\/wp-json\/wp\/v2\/product_brand?post=8729"},{"taxonomy":"product_cat","embeddable":true,"href":"https:\/\/www.olalaparty.com\/en\/wp-json\/wp\/v2\/product_cat?post=8729"},{"taxonomy":"product_tag","embeddable":true,"href":"https:\/\/www.olalaparty.com\/en\/wp-json\/wp\/v2\/product_tag?post=8729"}],"curies":[{"name":"wp","href":"https:\/\/api.w.org\/{rel}","templated":true}]}}