{"id":9361,"date":"2026-03-09T16:41:36","date_gmt":"2026-03-09T15:41:36","guid":{"rendered":"https:\/\/www.olalaparty.com\/?post_type=product&#038;p=9361"},"modified":"2026-03-10T19:35:45","modified_gmt":"2026-03-10T18:35:45","slug":"flow-tease-cycle-printemps-mai-juin-2026","status":"publish","type":"product","link":"https:\/\/www.olalaparty.com\/en\/produit\/flow-tease-cycle-printemps-mai-juin-2026\/","title":{"rendered":"FLOW &#038; TEASE \u2013 Cycle Printemps Mai-Juin 2026"},"content":{"rendered":"","protected":false},"excerpt":{"rendered":"<h5 data-start=\"248\" data-end=\"292\"><strong>Cycle Printemps \u2013 Flow&amp;Tease<\/strong><\/h5>\n<p data-start=\"294\" data-end=\"334\">\u2728\u00a0 <strong data-start=\"296\" data-end=\"332\">8 semaines pour monter sur sc\u00e8ne\u00a0<\/strong> \u2728<\/p>\n<p data-start=\"336\" data-end=\"409\">Plongez dans l\u2019univers glamour du cabaret avec ce cycle <strong data-start=\"392\" data-end=\"408\">Flow &amp; Tease<\/strong>.<\/p>\n<p data-start=\"411\" data-end=\"616\">Cette discipline est un savant m\u00e9lange de <strong data-start=\"453\" data-end=\"501\">danse au sol et d\u2019effeuillage burlesque soft<\/strong> (sans nudit\u00e9).<br data-start=\"516\" data-end=\"519\" \/>Une danse sensuelle, \u00e9l\u00e9gante et parfois m\u00eame rock, qui m\u00eale <strong data-start=\"580\" data-end=\"615\">fluidit\u00e9, pr\u00e9sence et confiance<\/strong>.<\/p>\n<p data-start=\"618\" data-end=\"805\">Pendant 8 semaines, vous apprendrez une <strong data-start=\"658\" data-end=\"693\">chor\u00e9graphie collective cabaret<\/strong> et d\u00e9velopperez votre pr\u00e9sence sc\u00e9nique, guid\u00e9e par votre professeure et l\u2019\u00e9quipe artistique d\u2019<strong data-start=\"789\" data-end=\"804\">Olala Party<\/strong>.<\/p>\n<p data-start=\"807\" data-end=\"840\"><strong>Chaque s\u00e9ance vous permettra de :<\/strong><\/p>\n<p data-start=\"842\" data-end=\"983\">\u2728 travailler la fluidit\u00e9 et l\u2019expression corporelle<br data-start=\"893\" data-end=\"896\" \/>\u2728 d\u00e9velopper votre pr\u00e9sence et votre confiance<br data-start=\"942\" data-end=\"945\" \/>\u2728 apprendre une chor\u00e9graphie cabaret<\/p>\n<p data-start=\"985\" data-end=\"1058\">Le cycle se termine par une <strong data-start=\"1013\" data-end=\"1057\">pr\u00e9sentation sur sc\u00e8ne au Bizz\u2019Art Paris<\/strong>.<\/p>\n<p data-start=\"1060\" data-end=\"1124\">\u2728 Une exp\u00e9rience unique pour <strong data-start=\"1089\" data-end=\"1124\">oser, danser et vivre la sc\u00e8ne.<\/strong><\/p>\n<p data-start=\"1060\" data-end=\"1124\"><strong data-start=\"1131\" data-end=\"1156\">Professeure : Selemba<\/strong><\/p>\n<p data-start=\"1158\" data-end=\"1184\"><strong data-start=\"1161\" data-end=\"1184\">Mardi 19h00 \u2013 20h30<\/strong><\/p>\n<p>Niveau : D\u00e9butant-interm\u00e9diaire en danse<\/p>\n<p data-start=\"1186\" data-end=\"1240\"><strong data-start=\"1189\" data-end=\"1200\">Dates :<\/strong><br data-start=\"1200\" data-end=\"1203\" \/>5, 12, 19, 26 mai<br data-start=\"1220\" data-end=\"1223\" \/>2, 9, 16, 23 juin<\/p>\n<p data-start=\"1186\" data-end=\"1240\"><strong>Adresse :<\/strong><br \/>\nStudio Bleu 7-9 rue des petites \u00e9curies Paris 10 \u00e8me<\/p>\n<p data-start=\"1242\" data-end=\"1292\">\ud83c\udfad <strong data-start=\"1245\" data-end=\"1270\">R\u00e9p\u00e9tition g\u00e9n\u00e9rale :<\/strong><br data-start=\"1270\" data-end=\"1273\" \/>27 juin \u2013 14h \u00e0 17h<\/p>\n<p data-start=\"1294\" data-end=\"1360\">\u2728 <strong data-start=\"1296\" data-end=\"1314\">Show Cabaret :<\/strong><br data-start=\"1314\" data-end=\"1317\" \/>dimanche 28 juin \u2013 <strong data-start=\"1336\" data-end=\"1360\">Bizz\u2019Art Paris (10e)<\/strong><\/p>\n<p data-start=\"1367\" data-end=\"1532\">\u2728 <strong data-start=\"1369\" data-end=\"1417\">Les places sont limit\u00e9es \u00e0 14 \u00e9l\u00e8ves maximum<\/strong> afin de garantir un accompagnement de qualit\u00e9.<br data-start=\"1464\" data-end=\"1467\" \/>Nous vous conseillons de <strong data-start=\"1492\" data-end=\"1532\">r\u00e9server votre place d\u00e8s maintenant.<\/strong><\/p>\n<p data-start=\"1550\" data-end=\"1559\"><strong data-start=\"1550\" data-end=\"1559\">Tarif : 350 \u20ac &#8211; &gt; <\/strong><strong data-start=\"1563\" data-end=\"1591\">Promo Early Bird : 320 \u20ac<\/strong><\/p>\n<p data-start=\"1593\" data-end=\"1611\"><strong>Le prix comprend :<\/strong><\/p>\n<p data-start=\"1613\" data-end=\"1730\">\u2728 les heures de cours<br data-start=\"1634\" data-end=\"1637\" \/>\u2728 le passage sur sc\u00e8ne<br data-start=\"1659\" data-end=\"1662\" \/>\u2728 photos et vid\u00e9os de groupe<br data-start=\"1690\" data-end=\"1693\" \/>\u2728 petits cadeaux pour votre costume<br \/>\n\u2728 le maquillage par make-up forever le jour J<\/p>\n<p data-start=\"1737\" data-end=\"1825\">\u2728 <strong data-start=\"1739\" data-end=\"1825\">Rejoignez l\u2019aventure Olala Party et venez vivre l\u2019exp\u00e9rience du cabaret sur sc\u00e8ne.<\/strong><\/p>\n","protected":false},"featured_media":9362,"template":"","meta":[],"product_brand":[],"product_cat":[21],"product_tag":[],"class_list":{"0":"post-9361","1":"product","2":"type-product","3":"status-publish","4":"has-post-thumbnail","6":"product_cat-t-shirt","8":"first","9":"instock","10":"sale","11":"taxable","12":"shipping-taxable","13":"purchasable","14":"product-type-simple"},"yoast_head":"<!-- This site is optimized with the Yoast SEO plugin v27.5 - https:\/\/yoast.com\/product\/yoast-seo-wordpress\/ -->\n<title>FLOW &amp; TEASE \u2013 Cycle Printemps Mai-Juin 2026 - Effeuillage Burlesque<\/title>\n<meta name=\"robots\" content=\"index, follow, max-snippet:-1, max-image-preview:large, max-video-preview:-1\" \/>\n<link rel=\"canonical\" href=\"https:\/\/www.olalaparty.com\/produit\/flow-tease-cycle-printemps-mai-juin-2026\/\" \/>\n<meta property=\"og:locale\" content=\"en_US\" \/>\n<meta property=\"og:type\" content=\"article\" \/>\n<meta property=\"og:title\" content=\"FLOW &amp; TEASE \u2013 Cycle Printemps Mai-Juin 2026 - Effeuillage Burlesque\" \/>\n<meta property=\"og:description\" content=\"Cycle Printemps \u2013 Flow&amp;Tease \u2728\u00a0 8 semaines pour monter sur sc\u00e8ne\u00a0 \u2728 Plongez dans l\u2019univers glamour du cabaret avec ce cycle Flow &amp; Tease. Cette discipline est un savant m\u00e9lange de danse au sol et d\u2019effeuillage burlesque soft (sans nudit\u00e9).Une danse sensuelle, \u00e9l\u00e9gante et parfois m\u00eame rock, qui m\u00eale fluidit\u00e9, pr\u00e9sence et confiance. Pendant 8 semaines, vous apprendrez une chor\u00e9graphie collective cabaret et d\u00e9velopperez votre pr\u00e9sence sc\u00e9nique, guid\u00e9e par votre professeure et l\u2019\u00e9quipe artistique d\u2019Olala Party. Chaque s\u00e9ance vous permettra de : \u2728 travailler la fluidit\u00e9 et l\u2019expression corporelle\u2728 d\u00e9velopper votre pr\u00e9sence et votre confiance\u2728 apprendre une chor\u00e9graphie cabaret Le cycle se termine par une pr\u00e9sentation sur sc\u00e8ne au Bizz\u2019Art Paris. \u2728 Une exp\u00e9rience unique pour oser, danser et vivre la sc\u00e8ne. Professeure : Selemba Mardi 19h00 \u2013 20h30 Niveau : D\u00e9butant-interm\u00e9diaire en danse Dates :5, 12, 19, 26 mai2, 9, 16, 23 juin Adresse : Studio Bleu 7-9 rue des petites \u00e9curies Paris 10 \u00e8me \ud83c\udfad R\u00e9p\u00e9tition g\u00e9n\u00e9rale :27 juin \u2013 14h \u00e0 17h \u2728 Show Cabaret :dimanche 28 juin \u2013 Bizz\u2019Art Paris (10e) \u2728 Les places sont limit\u00e9es \u00e0 14 \u00e9l\u00e8ves maximum afin de garantir un accompagnement de qualit\u00e9.Nous vous conseillons de r\u00e9server votre place d\u00e8s maintenant. Tarif : 350 \u20ac - &gt; Promo Early Bird : 320 \u20ac Le prix comprend : \u2728 les heures de cours\u2728 le passage sur sc\u00e8ne\u2728 photos et vid\u00e9os de groupe\u2728 petits cadeaux pour votre costume \u2728 le maquillage par make-up forever le jour J \u2728 Rejoignez l\u2019aventure Olala Party et venez vivre l\u2019exp\u00e9rience du cabaret sur sc\u00e8ne.\" \/>\n<meta property=\"og:url\" content=\"https:\/\/www.olalaparty.com\/produit\/flow-tease-cycle-printemps-mai-juin-2026\/\" \/>\n<meta property=\"og:site_name\" content=\"Effeuillage Burlesque\" \/>\n<meta property=\"article:modified_time\" content=\"2026-03-10T18:35:45+00:00\" \/>\n<meta property=\"og:image\" content=\"https:\/\/www.olalaparty.com\/wp-content\/uploads\/2026\/03\/Capture-decran-2026-03-09-a-16.14.18.png\" \/>\n\t<meta property=\"og:image:width\" content=\"754\" \/>\n\t<meta property=\"og:image:height\" content=\"750\" \/>\n\t<meta property=\"og:image:type\" content=\"image\/png\" \/>\n<meta name=\"twitter:card\" content=\"summary_large_image\" \/>\n<meta name=\"twitter:label1\" content=\"Est. reading time\" \/>\n\t<meta name=\"twitter:data1\" content=\"1 minute\" \/>\n<script type=\"application\/ld+json\" class=\"yoast-schema-graph\">{\"@context\":\"https:\\\/\\\/schema.org\",\"@graph\":[{\"@type\":\"WebPage\",\"@id\":\"https:\\\/\\\/www.olalaparty.com\\\/produit\\\/flow-tease-cycle-printemps-mai-juin-2026\\\/\",\"url\":\"https:\\\/\\\/www.olalaparty.com\\\/produit\\\/flow-tease-cycle-printemps-mai-juin-2026\\\/\",\"name\":\"FLOW & TEASE \u2013 Cycle Printemps Mai-Juin 2026 - Effeuillage Burlesque\",\"isPartOf\":{\"@id\":\"https:\\\/\\\/www.olalaparty.com\\\/#website\"},\"primaryImageOfPage\":{\"@id\":\"https:\\\/\\\/www.olalaparty.com\\\/produit\\\/flow-tease-cycle-printemps-mai-juin-2026\\\/#primaryimage\"},\"image\":{\"@id\":\"https:\\\/\\\/www.olalaparty.com\\\/produit\\\/flow-tease-cycle-printemps-mai-juin-2026\\\/#primaryimage\"},\"thumbnailUrl\":\"https:\\\/\\\/www.olalaparty.com\\\/wp-content\\\/uploads\\\/2026\\\/03\\\/Capture-decran-2026-03-09-a-16.14.18.png\",\"datePublished\":\"2026-03-09T15:41:36+00:00\",\"dateModified\":\"2026-03-10T18:35:45+00:00\",\"breadcrumb\":{\"@id\":\"https:\\\/\\\/www.olalaparty.com\\\/produit\\\/flow-tease-cycle-printemps-mai-juin-2026\\\/#breadcrumb\"},\"inLanguage\":\"en-US\",\"potentialAction\":[{\"@type\":\"ReadAction\",\"target\":[\"https:\\\/\\\/www.olalaparty.com\\\/produit\\\/flow-tease-cycle-printemps-mai-juin-2026\\\/\"]}]},{\"@type\":\"ImageObject\",\"inLanguage\":\"en-US\",\"@id\":\"https:\\\/\\\/www.olalaparty.com\\\/produit\\\/flow-tease-cycle-printemps-mai-juin-2026\\\/#primaryimage\",\"url\":\"https:\\\/\\\/www.olalaparty.com\\\/wp-content\\\/uploads\\\/2026\\\/03\\\/Capture-decran-2026-03-09-a-16.14.18.png\",\"contentUrl\":\"https:\\\/\\\/www.olalaparty.com\\\/wp-content\\\/uploads\\\/2026\\\/03\\\/Capture-decran-2026-03-09-a-16.14.18.png\",\"width\":754,\"height\":750},{\"@type\":\"BreadcrumbList\",\"@id\":\"https:\\\/\\\/www.olalaparty.com\\\/produit\\\/flow-tease-cycle-printemps-mai-juin-2026\\\/#breadcrumb\",\"itemListElement\":[{\"@type\":\"ListItem\",\"position\":1,\"name\":\"Accueil\",\"item\":\"https:\\\/\\\/www.olalaparty.com\\\/en\\\/home\\\/\"},{\"@type\":\"ListItem\",\"position\":2,\"name\":\"Boutique\",\"item\":\"https:\\\/\\\/www.olalaparty.com\\\/boutique-olala\\\/\"},{\"@type\":\"ListItem\",\"position\":3,\"name\":\"FLOW &#038; TEASE \u2013 Cycle Printemps Mai-Juin 2026\"}]},{\"@type\":\"WebSite\",\"@id\":\"https:\\\/\\\/www.olalaparty.com\\\/#website\",\"url\":\"https:\\\/\\\/www.olalaparty.com\\\/\",\"name\":\"Effeuillage Burlesque\",\"description\":\"\",\"publisher\":{\"@id\":\"https:\\\/\\\/www.olalaparty.com\\\/#organization\"},\"potentialAction\":[{\"@type\":\"SearchAction\",\"target\":{\"@type\":\"EntryPoint\",\"urlTemplate\":\"https:\\\/\\\/www.olalaparty.com\\\/?s={search_term_string}\"},\"query-input\":{\"@type\":\"PropertyValueSpecification\",\"valueRequired\":true,\"valueName\":\"search_term_string\"}}],\"inLanguage\":\"en-US\"},{\"@type\":\"Organization\",\"@id\":\"https:\\\/\\\/www.olalaparty.com\\\/#organization\",\"name\":\"Olala Party\",\"url\":\"https:\\\/\\\/www.olalaparty.com\\\/\",\"logo\":{\"@type\":\"ImageObject\",\"inLanguage\":\"en-US\",\"@id\":\"https:\\\/\\\/www.olalaparty.com\\\/#\\\/schema\\\/logo\\\/image\\\/\",\"url\":\"https:\\\/\\\/www.olalaparty.com\\\/wp-content\\\/uploads\\\/2023\\\/03\\\/effeuillage-burlesque-olala-party.svg\",\"contentUrl\":\"https:\\\/\\\/www.olalaparty.com\\\/wp-content\\\/uploads\\\/2023\\\/03\\\/effeuillage-burlesque-olala-party.svg\",\"width\":97,\"height\":97,\"caption\":\"Olala Party\"},\"image\":{\"@id\":\"https:\\\/\\\/www.olalaparty.com\\\/#\\\/schema\\\/logo\\\/image\\\/\"}}]}<\/script>\n<!-- \/ Yoast SEO plugin. -->","yoast_head_json":{"title":"FLOW & TEASE \u2013 Cycle Printemps Mai-Juin 2026 - Effeuillage Burlesque","robots":{"index":"index","follow":"follow","max-snippet":"max-snippet:-1","max-image-preview":"max-image-preview:large","max-video-preview":"max-video-preview:-1"},"canonical":"https:\/\/www.olalaparty.com\/produit\/flow-tease-cycle-printemps-mai-juin-2026\/","og_locale":"en_US","og_type":"article","og_title":"FLOW & TEASE \u2013 Cycle Printemps Mai-Juin 2026 - Effeuillage Burlesque","og_description":"Cycle Printemps \u2013 Flow&amp;Tease \u2728\u00a0 8 semaines pour monter sur sc\u00e8ne\u00a0 \u2728 Plongez dans l\u2019univers glamour du cabaret avec ce cycle Flow &amp; Tease. Cette discipline est un savant m\u00e9lange de danse au sol et d\u2019effeuillage burlesque soft (sans nudit\u00e9).Une danse sensuelle, \u00e9l\u00e9gante et parfois m\u00eame rock, qui m\u00eale fluidit\u00e9, pr\u00e9sence et confiance. Pendant 8 semaines, vous apprendrez une chor\u00e9graphie collective cabaret et d\u00e9velopperez votre pr\u00e9sence sc\u00e9nique, guid\u00e9e par votre professeure et l\u2019\u00e9quipe artistique d\u2019Olala Party. Chaque s\u00e9ance vous permettra de : \u2728 travailler la fluidit\u00e9 et l\u2019expression corporelle\u2728 d\u00e9velopper votre pr\u00e9sence et votre confiance\u2728 apprendre une chor\u00e9graphie cabaret Le cycle se termine par une pr\u00e9sentation sur sc\u00e8ne au Bizz\u2019Art Paris. \u2728 Une exp\u00e9rience unique pour oser, danser et vivre la sc\u00e8ne. Professeure : Selemba Mardi 19h00 \u2013 20h30 Niveau : D\u00e9butant-interm\u00e9diaire en danse Dates :5, 12, 19, 26 mai2, 9, 16, 23 juin Adresse : Studio Bleu 7-9 rue des petites \u00e9curies Paris 10 \u00e8me \ud83c\udfad R\u00e9p\u00e9tition g\u00e9n\u00e9rale :27 juin \u2013 14h \u00e0 17h \u2728 Show Cabaret :dimanche 28 juin \u2013 Bizz\u2019Art Paris (10e) \u2728 Les places sont limit\u00e9es \u00e0 14 \u00e9l\u00e8ves maximum afin de garantir un accompagnement de qualit\u00e9.Nous vous conseillons de r\u00e9server votre place d\u00e8s maintenant. Tarif : 350 \u20ac - &gt; Promo Early Bird : 320 \u20ac Le prix comprend : \u2728 les heures de cours\u2728 le passage sur sc\u00e8ne\u2728 photos et vid\u00e9os de groupe\u2728 petits cadeaux pour votre costume \u2728 le maquillage par make-up forever le jour J \u2728 Rejoignez l\u2019aventure Olala Party et venez vivre l\u2019exp\u00e9rience du cabaret sur sc\u00e8ne.","og_url":"https:\/\/www.olalaparty.com\/produit\/flow-tease-cycle-printemps-mai-juin-2026\/","og_site_name":"Effeuillage Burlesque","article_modified_time":"2026-03-10T18:35:45+00:00","og_image":[{"width":754,"height":750,"url":"https:\/\/www.olalaparty.com\/wp-content\/uploads\/2026\/03\/Capture-decran-2026-03-09-a-16.14.18.png","type":"image\/png"}],"twitter_card":"summary_large_image","twitter_misc":{"Est. reading time":"1 minute"},"schema":{"@context":"https:\/\/schema.org","@graph":[{"@type":"WebPage","@id":"https:\/\/www.olalaparty.com\/produit\/flow-tease-cycle-printemps-mai-juin-2026\/","url":"https:\/\/www.olalaparty.com\/produit\/flow-tease-cycle-printemps-mai-juin-2026\/","name":"FLOW & TEASE \u2013 Cycle Printemps Mai-Juin 2026 - Effeuillage Burlesque","isPartOf":{"@id":"https:\/\/www.olalaparty.com\/#website"},"primaryImageOfPage":{"@id":"https:\/\/www.olalaparty.com\/produit\/flow-tease-cycle-printemps-mai-juin-2026\/#primaryimage"},"image":{"@id":"https:\/\/www.olalaparty.com\/produit\/flow-tease-cycle-printemps-mai-juin-2026\/#primaryimage"},"thumbnailUrl":"https:\/\/www.olalaparty.com\/wp-content\/uploads\/2026\/03\/Capture-decran-2026-03-09-a-16.14.18.png","datePublished":"2026-03-09T15:41:36+00:00","dateModified":"2026-03-10T18:35:45+00:00","breadcrumb":{"@id":"https:\/\/www.olalaparty.com\/produit\/flow-tease-cycle-printemps-mai-juin-2026\/#breadcrumb"},"inLanguage":"en-US","potentialAction":[{"@type":"ReadAction","target":["https:\/\/www.olalaparty.com\/produit\/flow-tease-cycle-printemps-mai-juin-2026\/"]}]},{"@type":"ImageObject","inLanguage":"en-US","@id":"https:\/\/www.olalaparty.com\/produit\/flow-tease-cycle-printemps-mai-juin-2026\/#primaryimage","url":"https:\/\/www.olalaparty.com\/wp-content\/uploads\/2026\/03\/Capture-decran-2026-03-09-a-16.14.18.png","contentUrl":"https:\/\/www.olalaparty.com\/wp-content\/uploads\/2026\/03\/Capture-decran-2026-03-09-a-16.14.18.png","width":754,"height":750},{"@type":"BreadcrumbList","@id":"https:\/\/www.olalaparty.com\/produit\/flow-tease-cycle-printemps-mai-juin-2026\/#breadcrumb","itemListElement":[{"@type":"ListItem","position":1,"name":"Accueil","item":"https:\/\/www.olalaparty.com\/en\/home\/"},{"@type":"ListItem","position":2,"name":"Boutique","item":"https:\/\/www.olalaparty.com\/boutique-olala\/"},{"@type":"ListItem","position":3,"name":"FLOW &#038; TEASE \u2013 Cycle Printemps Mai-Juin 2026"}]},{"@type":"WebSite","@id":"https:\/\/www.olalaparty.com\/#website","url":"https:\/\/www.olalaparty.com\/","name":"Effeuillage Burlesque","description":"","publisher":{"@id":"https:\/\/www.olalaparty.com\/#organization"},"potentialAction":[{"@type":"SearchAction","target":{"@type":"EntryPoint","urlTemplate":"https:\/\/www.olalaparty.com\/?s={search_term_string}"},"query-input":{"@type":"PropertyValueSpecification","valueRequired":true,"valueName":"search_term_string"}}],"inLanguage":"en-US"},{"@type":"Organization","@id":"https:\/\/www.olalaparty.com\/#organization","name":"Olala Party","url":"https:\/\/www.olalaparty.com\/","logo":{"@type":"ImageObject","inLanguage":"en-US","@id":"https:\/\/www.olalaparty.com\/#\/schema\/logo\/image\/","url":"https:\/\/www.olalaparty.com\/wp-content\/uploads\/2023\/03\/effeuillage-burlesque-olala-party.svg","contentUrl":"https:\/\/www.olalaparty.com\/wp-content\/uploads\/2023\/03\/effeuillage-burlesque-olala-party.svg","width":97,"height":97,"caption":"Olala Party"},"image":{"@id":"https:\/\/www.olalaparty.com\/#\/schema\/logo\/image\/"}}]}},"_links":{"self":[{"href":"https:\/\/www.olalaparty.com\/en\/wp-json\/wp\/v2\/product\/9361","targetHints":{"allow":["GET"]}}],"collection":[{"href":"https:\/\/www.olalaparty.com\/en\/wp-json\/wp\/v2\/product"}],"about":[{"href":"https:\/\/www.olalaparty.com\/en\/wp-json\/wp\/v2\/types\/product"}],"wp:featuredmedia":[{"embeddable":true,"href":"https:\/\/www.olalaparty.com\/en\/wp-json\/wp\/v2\/media\/9362"}],"wp:attachment":[{"href":"https:\/\/www.olalaparty.com\/en\/wp-json\/wp\/v2\/media?parent=9361"}],"wp:term":[{"taxonomy":"product_brand","embeddable":true,"href":"https:\/\/www.olalaparty.com\/en\/wp-json\/wp\/v2\/product_brand?post=9361"},{"taxonomy":"product_cat","embeddable":true,"href":"https:\/\/www.olalaparty.com\/en\/wp-json\/wp\/v2\/product_cat?post=9361"},{"taxonomy":"product_tag","embeddable":true,"href":"https:\/\/www.olalaparty.com\/en\/wp-json\/wp\/v2\/product_tag?post=9361"}],"curies":[{"name":"wp","href":"https:\/\/api.w.org\/{rel}","templated":true}]}}