{"id":9364,"date":"2026-03-09T16:52:02","date_gmt":"2026-03-09T15:52:02","guid":{"rendered":"https:\/\/www.olalaparty.com\/?post_type=product&#038;p=9364"},"modified":"2026-03-10T19:34:38","modified_gmt":"2026-03-10T18:34:38","slug":"effeuillage-burlesque-cycle-printemps-mai-juin-2026","status":"publish","type":"product","link":"https:\/\/www.olalaparty.com\/en\/produit\/effeuillage-burlesque-cycle-printemps-mai-juin-2026\/","title":{"rendered":"EFFEUILLAGE BURLESQUE \u2013 Cycle Printemps Mai-Juin 2026"},"content":{"rendered":"","protected":false},"excerpt":{"rendered":"<p data-start=\"1387\" data-end=\"1433\"><strong data-start=\"1387\" data-end=\"1433\">Cycle Printemps \u2013 Show Cabaret au Bizz\u2019Art<\/strong><\/p>\n<p data-start=\"1435\" data-end=\"1473\">\u2728 <strong data-start=\"1437\" data-end=\"1473\">8 semaines pour monter sur sc\u00e8ne \u2728\u00a0<\/strong><\/p>\n<p data-start=\"1475\" data-end=\"1614\">D\u00e9couvrez l\u2019art de l\u2019<strong data-start=\"1496\" data-end=\"1521\">effeuillage burlesque<\/strong>, une danse iconique du cabaret qui c\u00e9l\u00e8bre la f\u00e9minit\u00e9, l\u2019humour et la libert\u00e9 d\u2019expression.<\/p>\n<p data-start=\"1616\" data-end=\"1749\">Guid\u00e9es par Lae Monroe, vous apprendrez une chor\u00e9graphie collective inspir\u00e9e de l\u2019univers du cabaret et de l&#8217;effeuillage burlesque.<\/p>\n<p>Au programme :<\/p>\n<p data-start=\"1767\" data-end=\"1905\">\u2728 gestuelle burlesque codes des mouvements sp\u00e9cifiques<br data-start=\"1808\" data-end=\"1811\" \/>\u2728 travail du regard et de la pr\u00e9sence Teasing et s\u00e9duction<br \/>\nOser se prendre confiance en soi<br data-start=\"1848\" data-end=\"1851\" \/>\u2728 chor\u00e9graphie collective<br data-start=\"1876\" data-end=\"1879\" \/>\u2728 pr\u00e9paration \u00e0 la sc\u00e8ne<\/p>\n<p data-start=\"1907\" data-end=\"1995\">Ce cycle se conclut par une <strong data-start=\"1935\" data-end=\"1979\">pr\u00e9sentation sur sc\u00e8ne au Bizz\u2019Art Paris<\/strong><\/p>\n<p data-start=\"1997\" data-end=\"2066\"><em><strong>\u2728 Une exp\u00e9rience artistique et lib\u00e9ratrice dans l\u2019univers du cabaret.<\/strong><\/em><\/p>\n<p data-start=\"2068\" data-end=\"2094\"><strong data-start=\"2068\" data-end=\"2094\">Professeure : Laetitia<\/strong><\/p>\n<p data-start=\"2096\" data-end=\"2148\"><strong>\ud83d\udd63 Mardi 20h30 \u2013 22h00<\/strong><\/p>\n<p data-start=\"2096\" data-end=\"2148\"><strong>Dates :<\/strong><br data-start=\"2106\" data-end=\"2109\" \/>5, 12, 19, 26 mai<br data-start=\"2126\" data-end=\"2129\" \/>2, 9, 16, 23 juin<\/p>\n<p><strong>Adresse :<\/strong><br \/>\nStudio Bleu 7-9 rue des petites \u00e9curies Paris 10 \u00e8me<\/p>\n<p data-start=\"2176\" data-end=\"2246\"><strong>R\u00e9p\u00e9tition g\u00e9n\u00e9rale :<\/strong><br data-start=\"2200\" data-end=\"2203\" \/>27 juin \u2013 14h \u00e0 17h<\/p>\n<p data-start=\"2248\" data-end=\"2302\">\u2728 <strong data-start=\"2250\" data-end=\"2302\">Show Cabaret : dimanche 28 juin \u2013 Bizz\u2019Art Paris<\/strong><\/p>\n<p data-start=\"1367\" data-end=\"1532\">\u2728 <strong data-start=\"1369\" data-end=\"1417\">Les places sont limit\u00e9es \u00e0 14 \u00e9l\u00e8ves maximum<\/strong> afin de garantir un accompagnement de qualit\u00e9.<br data-start=\"1464\" data-end=\"1467\" \/>Nous vous conseillons de <strong data-start=\"1492\" data-end=\"1532\">r\u00e9server votre place d\u00e8s maintenant.<\/strong><\/p>\n<p data-start=\"1550\" data-end=\"1559\"><strong data-start=\"1550\" data-end=\"1559\">Tarif :350 \u20ac<br \/>\n<\/strong><strong data-start=\"1563\" data-end=\"1591\">-&gt; Promo Early Bird : 320 \u20ac<\/strong><\/p>\n<p data-start=\"1593\" data-end=\"1611\"><strong>Le prix comprend :<\/strong><\/p>\n<p data-start=\"1613\" data-end=\"1730\">\u2728 les heures de cours<br data-start=\"1634\" data-end=\"1637\" \/>\u2728 le passage sur sc\u00e8ne<br data-start=\"1659\" data-end=\"1662\" \/>\u2728 photos et vid\u00e9os de groupe<br data-start=\"1690\" data-end=\"1693\" \/>\u2728 petits cadeaux pour votre costume<br \/>\n\u2728 le maquillage par make-up forever le jour J<\/p>\n<p data-start=\"1737\" data-end=\"1825\">\u2728 <strong data-start=\"1739\" data-end=\"1825\">Rejoignez l\u2019aventure Olala Party et venez vivre l\u2019exp\u00e9rience du cabaret sur sc\u00e8ne.<\/strong><\/p>\n","protected":false},"featured_media":9365,"template":"","meta":[],"product_brand":[],"product_cat":[21],"product_tag":[],"class_list":{"0":"post-9364","1":"product","2":"type-product","3":"status-publish","4":"has-post-thumbnail","6":"product_cat-t-shirt","8":"first","9":"instock","10":"sale","11":"taxable","12":"shipping-taxable","13":"purchasable","14":"product-type-simple"},"yoast_head":"<!-- This site is optimized with the Yoast SEO plugin v27.5 - https:\/\/yoast.com\/product\/yoast-seo-wordpress\/ -->\n<title>EFFEUILLAGE BURLESQUE \u2013 Cycle Printemps Mai-Juin 2026 - Effeuillage Burlesque<\/title>\n<meta name=\"robots\" content=\"index, follow, max-snippet:-1, max-image-preview:large, max-video-preview:-1\" \/>\n<link rel=\"canonical\" href=\"https:\/\/www.olalaparty.com\/produit\/effeuillage-burlesque-cycle-printemps-mai-juin-2026\/\" \/>\n<meta property=\"og:locale\" content=\"en_US\" \/>\n<meta property=\"og:type\" content=\"article\" \/>\n<meta property=\"og:title\" content=\"EFFEUILLAGE BURLESQUE \u2013 Cycle Printemps Mai-Juin 2026 - Effeuillage Burlesque\" \/>\n<meta property=\"og:description\" content=\"Cycle Printemps \u2013 Show Cabaret au Bizz\u2019Art \u2728 8 semaines pour monter sur sc\u00e8ne \u2728\u00a0 D\u00e9couvrez l\u2019art de l\u2019effeuillage burlesque, une danse iconique du cabaret qui c\u00e9l\u00e8bre la f\u00e9minit\u00e9, l\u2019humour et la libert\u00e9 d\u2019expression. Guid\u00e9es par Lae Monroe, vous apprendrez une chor\u00e9graphie collective inspir\u00e9e de l\u2019univers du cabaret et de l&#039;effeuillage burlesque. Au programme : \u2728 gestuelle burlesque codes des mouvements sp\u00e9cifiques\u2728 travail du regard et de la pr\u00e9sence Teasing et s\u00e9duction Oser se prendre confiance en soi\u2728 chor\u00e9graphie collective\u2728 pr\u00e9paration \u00e0 la sc\u00e8ne Ce cycle se conclut par une pr\u00e9sentation sur sc\u00e8ne au Bizz\u2019Art Paris \u2728 Une exp\u00e9rience artistique et lib\u00e9ratrice dans l\u2019univers du cabaret. Professeure : Laetitia \ud83d\udd63 Mardi 20h30 \u2013 22h00 Dates :5, 12, 19, 26 mai2, 9, 16, 23 juin  Adresse : Studio Bleu 7-9 rue des petites \u00e9curies Paris 10 \u00e8me R\u00e9p\u00e9tition g\u00e9n\u00e9rale :27 juin \u2013 14h \u00e0 17h \u2728 Show Cabaret : dimanche 28 juin \u2013 Bizz\u2019Art Paris \u2728 Les places sont limit\u00e9es \u00e0 14 \u00e9l\u00e8ves maximum afin de garantir un accompagnement de qualit\u00e9.Nous vous conseillons de r\u00e9server votre place d\u00e8s maintenant. Tarif :350 \u20ac -&gt; Promo Early Bird : 320 \u20ac Le prix comprend : \u2728 les heures de cours\u2728 le passage sur sc\u00e8ne\u2728 photos et vid\u00e9os de groupe\u2728 petits cadeaux pour votre costume \u2728 le maquillage par make-up forever le jour J \u2728 Rejoignez l\u2019aventure Olala Party et venez vivre l\u2019exp\u00e9rience du cabaret sur sc\u00e8ne.\" \/>\n<meta property=\"og:url\" content=\"https:\/\/www.olalaparty.com\/produit\/effeuillage-burlesque-cycle-printemps-mai-juin-2026\/\" \/>\n<meta property=\"og:site_name\" content=\"Effeuillage Burlesque\" \/>\n<meta property=\"article:modified_time\" content=\"2026-03-10T18:34:38+00:00\" \/>\n<meta property=\"og:image\" content=\"https:\/\/www.olalaparty.com\/wp-content\/uploads\/2026\/03\/Capture-decran-2026-03-09-a-16.12.49.png\" \/>\n\t<meta property=\"og:image:width\" content=\"752\" \/>\n\t<meta property=\"og:image:height\" content=\"750\" \/>\n\t<meta property=\"og:image:type\" content=\"image\/png\" \/>\n<meta name=\"twitter:card\" content=\"summary_large_image\" \/>\n<meta name=\"twitter:label1\" content=\"Est. reading time\" \/>\n\t<meta name=\"twitter:data1\" content=\"1 minute\" \/>\n<script type=\"application\/ld+json\" class=\"yoast-schema-graph\">{\"@context\":\"https:\\\/\\\/schema.org\",\"@graph\":[{\"@type\":\"WebPage\",\"@id\":\"https:\\\/\\\/www.olalaparty.com\\\/produit\\\/effeuillage-burlesque-cycle-printemps-mai-juin-2026\\\/\",\"url\":\"https:\\\/\\\/www.olalaparty.com\\\/produit\\\/effeuillage-burlesque-cycle-printemps-mai-juin-2026\\\/\",\"name\":\"EFFEUILLAGE BURLESQUE \u2013 Cycle Printemps Mai-Juin 2026 - Effeuillage Burlesque\",\"isPartOf\":{\"@id\":\"https:\\\/\\\/www.olalaparty.com\\\/#website\"},\"primaryImageOfPage\":{\"@id\":\"https:\\\/\\\/www.olalaparty.com\\\/produit\\\/effeuillage-burlesque-cycle-printemps-mai-juin-2026\\\/#primaryimage\"},\"image\":{\"@id\":\"https:\\\/\\\/www.olalaparty.com\\\/produit\\\/effeuillage-burlesque-cycle-printemps-mai-juin-2026\\\/#primaryimage\"},\"thumbnailUrl\":\"https:\\\/\\\/www.olalaparty.com\\\/wp-content\\\/uploads\\\/2026\\\/03\\\/Capture-decran-2026-03-09-a-16.12.49.png\",\"datePublished\":\"2026-03-09T15:52:02+00:00\",\"dateModified\":\"2026-03-10T18:34:38+00:00\",\"breadcrumb\":{\"@id\":\"https:\\\/\\\/www.olalaparty.com\\\/produit\\\/effeuillage-burlesque-cycle-printemps-mai-juin-2026\\\/#breadcrumb\"},\"inLanguage\":\"en-US\",\"potentialAction\":[{\"@type\":\"ReadAction\",\"target\":[\"https:\\\/\\\/www.olalaparty.com\\\/produit\\\/effeuillage-burlesque-cycle-printemps-mai-juin-2026\\\/\"]}]},{\"@type\":\"ImageObject\",\"inLanguage\":\"en-US\",\"@id\":\"https:\\\/\\\/www.olalaparty.com\\\/produit\\\/effeuillage-burlesque-cycle-printemps-mai-juin-2026\\\/#primaryimage\",\"url\":\"https:\\\/\\\/www.olalaparty.com\\\/wp-content\\\/uploads\\\/2026\\\/03\\\/Capture-decran-2026-03-09-a-16.12.49.png\",\"contentUrl\":\"https:\\\/\\\/www.olalaparty.com\\\/wp-content\\\/uploads\\\/2026\\\/03\\\/Capture-decran-2026-03-09-a-16.12.49.png\",\"width\":752,\"height\":750},{\"@type\":\"BreadcrumbList\",\"@id\":\"https:\\\/\\\/www.olalaparty.com\\\/produit\\\/effeuillage-burlesque-cycle-printemps-mai-juin-2026\\\/#breadcrumb\",\"itemListElement\":[{\"@type\":\"ListItem\",\"position\":1,\"name\":\"Accueil\",\"item\":\"https:\\\/\\\/www.olalaparty.com\\\/en\\\/home\\\/\"},{\"@type\":\"ListItem\",\"position\":2,\"name\":\"Boutique\",\"item\":\"https:\\\/\\\/www.olalaparty.com\\\/boutique-olala\\\/\"},{\"@type\":\"ListItem\",\"position\":3,\"name\":\"EFFEUILLAGE BURLESQUE \u2013 Cycle Printemps Mai-Juin 2026\"}]},{\"@type\":\"WebSite\",\"@id\":\"https:\\\/\\\/www.olalaparty.com\\\/#website\",\"url\":\"https:\\\/\\\/www.olalaparty.com\\\/\",\"name\":\"Effeuillage Burlesque\",\"description\":\"\",\"publisher\":{\"@id\":\"https:\\\/\\\/www.olalaparty.com\\\/#organization\"},\"potentialAction\":[{\"@type\":\"SearchAction\",\"target\":{\"@type\":\"EntryPoint\",\"urlTemplate\":\"https:\\\/\\\/www.olalaparty.com\\\/?s={search_term_string}\"},\"query-input\":{\"@type\":\"PropertyValueSpecification\",\"valueRequired\":true,\"valueName\":\"search_term_string\"}}],\"inLanguage\":\"en-US\"},{\"@type\":\"Organization\",\"@id\":\"https:\\\/\\\/www.olalaparty.com\\\/#organization\",\"name\":\"Olala Party\",\"url\":\"https:\\\/\\\/www.olalaparty.com\\\/\",\"logo\":{\"@type\":\"ImageObject\",\"inLanguage\":\"en-US\",\"@id\":\"https:\\\/\\\/www.olalaparty.com\\\/#\\\/schema\\\/logo\\\/image\\\/\",\"url\":\"https:\\\/\\\/www.olalaparty.com\\\/wp-content\\\/uploads\\\/2023\\\/03\\\/effeuillage-burlesque-olala-party.svg\",\"contentUrl\":\"https:\\\/\\\/www.olalaparty.com\\\/wp-content\\\/uploads\\\/2023\\\/03\\\/effeuillage-burlesque-olala-party.svg\",\"width\":97,\"height\":97,\"caption\":\"Olala Party\"},\"image\":{\"@id\":\"https:\\\/\\\/www.olalaparty.com\\\/#\\\/schema\\\/logo\\\/image\\\/\"}}]}<\/script>\n<!-- \/ Yoast SEO plugin. -->","yoast_head_json":{"title":"EFFEUILLAGE BURLESQUE \u2013 Cycle Printemps Mai-Juin 2026 - Effeuillage Burlesque","robots":{"index":"index","follow":"follow","max-snippet":"max-snippet:-1","max-image-preview":"max-image-preview:large","max-video-preview":"max-video-preview:-1"},"canonical":"https:\/\/www.olalaparty.com\/produit\/effeuillage-burlesque-cycle-printemps-mai-juin-2026\/","og_locale":"en_US","og_type":"article","og_title":"EFFEUILLAGE BURLESQUE \u2013 Cycle Printemps Mai-Juin 2026 - Effeuillage Burlesque","og_description":"Cycle Printemps \u2013 Show Cabaret au Bizz\u2019Art \u2728 8 semaines pour monter sur sc\u00e8ne \u2728\u00a0 D\u00e9couvrez l\u2019art de l\u2019effeuillage burlesque, une danse iconique du cabaret qui c\u00e9l\u00e8bre la f\u00e9minit\u00e9, l\u2019humour et la libert\u00e9 d\u2019expression. Guid\u00e9es par Lae Monroe, vous apprendrez une chor\u00e9graphie collective inspir\u00e9e de l\u2019univers du cabaret et de l'effeuillage burlesque. Au programme : \u2728 gestuelle burlesque codes des mouvements sp\u00e9cifiques\u2728 travail du regard et de la pr\u00e9sence Teasing et s\u00e9duction Oser se prendre confiance en soi\u2728 chor\u00e9graphie collective\u2728 pr\u00e9paration \u00e0 la sc\u00e8ne Ce cycle se conclut par une pr\u00e9sentation sur sc\u00e8ne au Bizz\u2019Art Paris \u2728 Une exp\u00e9rience artistique et lib\u00e9ratrice dans l\u2019univers du cabaret. Professeure : Laetitia \ud83d\udd63 Mardi 20h30 \u2013 22h00 Dates :5, 12, 19, 26 mai2, 9, 16, 23 juin  Adresse : Studio Bleu 7-9 rue des petites \u00e9curies Paris 10 \u00e8me R\u00e9p\u00e9tition g\u00e9n\u00e9rale :27 juin \u2013 14h \u00e0 17h \u2728 Show Cabaret : dimanche 28 juin \u2013 Bizz\u2019Art Paris \u2728 Les places sont limit\u00e9es \u00e0 14 \u00e9l\u00e8ves maximum afin de garantir un accompagnement de qualit\u00e9.Nous vous conseillons de r\u00e9server votre place d\u00e8s maintenant. Tarif :350 \u20ac -&gt; Promo Early Bird : 320 \u20ac Le prix comprend : \u2728 les heures de cours\u2728 le passage sur sc\u00e8ne\u2728 photos et vid\u00e9os de groupe\u2728 petits cadeaux pour votre costume \u2728 le maquillage par make-up forever le jour J \u2728 Rejoignez l\u2019aventure Olala Party et venez vivre l\u2019exp\u00e9rience du cabaret sur sc\u00e8ne.","og_url":"https:\/\/www.olalaparty.com\/produit\/effeuillage-burlesque-cycle-printemps-mai-juin-2026\/","og_site_name":"Effeuillage Burlesque","article_modified_time":"2026-03-10T18:34:38+00:00","og_image":[{"width":752,"height":750,"url":"https:\/\/www.olalaparty.com\/wp-content\/uploads\/2026\/03\/Capture-decran-2026-03-09-a-16.12.49.png","type":"image\/png"}],"twitter_card":"summary_large_image","twitter_misc":{"Est. reading time":"1 minute"},"schema":{"@context":"https:\/\/schema.org","@graph":[{"@type":"WebPage","@id":"https:\/\/www.olalaparty.com\/produit\/effeuillage-burlesque-cycle-printemps-mai-juin-2026\/","url":"https:\/\/www.olalaparty.com\/produit\/effeuillage-burlesque-cycle-printemps-mai-juin-2026\/","name":"EFFEUILLAGE BURLESQUE \u2013 Cycle Printemps Mai-Juin 2026 - Effeuillage Burlesque","isPartOf":{"@id":"https:\/\/www.olalaparty.com\/#website"},"primaryImageOfPage":{"@id":"https:\/\/www.olalaparty.com\/produit\/effeuillage-burlesque-cycle-printemps-mai-juin-2026\/#primaryimage"},"image":{"@id":"https:\/\/www.olalaparty.com\/produit\/effeuillage-burlesque-cycle-printemps-mai-juin-2026\/#primaryimage"},"thumbnailUrl":"https:\/\/www.olalaparty.com\/wp-content\/uploads\/2026\/03\/Capture-decran-2026-03-09-a-16.12.49.png","datePublished":"2026-03-09T15:52:02+00:00","dateModified":"2026-03-10T18:34:38+00:00","breadcrumb":{"@id":"https:\/\/www.olalaparty.com\/produit\/effeuillage-burlesque-cycle-printemps-mai-juin-2026\/#breadcrumb"},"inLanguage":"en-US","potentialAction":[{"@type":"ReadAction","target":["https:\/\/www.olalaparty.com\/produit\/effeuillage-burlesque-cycle-printemps-mai-juin-2026\/"]}]},{"@type":"ImageObject","inLanguage":"en-US","@id":"https:\/\/www.olalaparty.com\/produit\/effeuillage-burlesque-cycle-printemps-mai-juin-2026\/#primaryimage","url":"https:\/\/www.olalaparty.com\/wp-content\/uploads\/2026\/03\/Capture-decran-2026-03-09-a-16.12.49.png","contentUrl":"https:\/\/www.olalaparty.com\/wp-content\/uploads\/2026\/03\/Capture-decran-2026-03-09-a-16.12.49.png","width":752,"height":750},{"@type":"BreadcrumbList","@id":"https:\/\/www.olalaparty.com\/produit\/effeuillage-burlesque-cycle-printemps-mai-juin-2026\/#breadcrumb","itemListElement":[{"@type":"ListItem","position":1,"name":"Accueil","item":"https:\/\/www.olalaparty.com\/en\/home\/"},{"@type":"ListItem","position":2,"name":"Boutique","item":"https:\/\/www.olalaparty.com\/boutique-olala\/"},{"@type":"ListItem","position":3,"name":"EFFEUILLAGE BURLESQUE \u2013 Cycle Printemps Mai-Juin 2026"}]},{"@type":"WebSite","@id":"https:\/\/www.olalaparty.com\/#website","url":"https:\/\/www.olalaparty.com\/","name":"Effeuillage Burlesque","description":"","publisher":{"@id":"https:\/\/www.olalaparty.com\/#organization"},"potentialAction":[{"@type":"SearchAction","target":{"@type":"EntryPoint","urlTemplate":"https:\/\/www.olalaparty.com\/?s={search_term_string}"},"query-input":{"@type":"PropertyValueSpecification","valueRequired":true,"valueName":"search_term_string"}}],"inLanguage":"en-US"},{"@type":"Organization","@id":"https:\/\/www.olalaparty.com\/#organization","name":"Olala Party","url":"https:\/\/www.olalaparty.com\/","logo":{"@type":"ImageObject","inLanguage":"en-US","@id":"https:\/\/www.olalaparty.com\/#\/schema\/logo\/image\/","url":"https:\/\/www.olalaparty.com\/wp-content\/uploads\/2023\/03\/effeuillage-burlesque-olala-party.svg","contentUrl":"https:\/\/www.olalaparty.com\/wp-content\/uploads\/2023\/03\/effeuillage-burlesque-olala-party.svg","width":97,"height":97,"caption":"Olala Party"},"image":{"@id":"https:\/\/www.olalaparty.com\/#\/schema\/logo\/image\/"}}]}},"_links":{"self":[{"href":"https:\/\/www.olalaparty.com\/en\/wp-json\/wp\/v2\/product\/9364","targetHints":{"allow":["GET"]}}],"collection":[{"href":"https:\/\/www.olalaparty.com\/en\/wp-json\/wp\/v2\/product"}],"about":[{"href":"https:\/\/www.olalaparty.com\/en\/wp-json\/wp\/v2\/types\/product"}],"wp:featuredmedia":[{"embeddable":true,"href":"https:\/\/www.olalaparty.com\/en\/wp-json\/wp\/v2\/media\/9365"}],"wp:attachment":[{"href":"https:\/\/www.olalaparty.com\/en\/wp-json\/wp\/v2\/media?parent=9364"}],"wp:term":[{"taxonomy":"product_brand","embeddable":true,"href":"https:\/\/www.olalaparty.com\/en\/wp-json\/wp\/v2\/product_brand?post=9364"},{"taxonomy":"product_cat","embeddable":true,"href":"https:\/\/www.olalaparty.com\/en\/wp-json\/wp\/v2\/product_cat?post=9364"},{"taxonomy":"product_tag","embeddable":true,"href":"https:\/\/www.olalaparty.com\/en\/wp-json\/wp\/v2\/product_tag?post=9364"}],"curies":[{"name":"wp","href":"https:\/\/api.w.org\/{rel}","templated":true}]}}