{"id":9371,"date":"2026-03-10T09:55:42","date_gmt":"2026-03-10T08:55:42","guid":{"rendered":"https:\/\/www.olalaparty.com\/?post_type=product&#038;p=9371"},"modified":"2026-04-21T11:21:10","modified_gmt":"2026-04-21T09:21:10","slug":"stage-intensif-3h-effeuillage-burlesque-samedi-30-mai-14h-17h-paris-mlle-loison","status":"publish","type":"product","link":"https:\/\/www.olalaparty.com\/en\/produit\/stage-intensif-3h-effeuillage-burlesque-samedi-30-mai-14h-17h-paris-mlle-loison\/","title":{"rendered":"Stage Intensif 3h Effeuillage Burlesque \/ Samedi 30 Mai 14h-17H &#8211; Paris \/ Mlle Loison"},"content":{"rendered":"","protected":false},"excerpt":{"rendered":"<h6 data-start=\"252\" data-end=\"420\">D\u00e9couvrez <strong data-start=\"262\" data-end=\"297\">l\u2019effeuillage burlesque \u00e0 Paris<\/strong> lors d\u2019un stage immersif<br \/>\nde <strong data-start=\"326\" data-end=\"338\">3 heures<\/strong> avec <strong data-start=\"344\" data-end=\"359\">Mlle Loison<\/strong>, artiste burlesque et fondatrice de l\u2019\u00e9cole <strong data-start=\"404\" data-end=\"419\">Olala Party<\/strong>.<\/h6>\n<h6 data-start=\"422\" data-end=\"599\">Ce <strong data-start=\"425\" data-end=\"452\">stage burlesque \u00e0 Paris<\/strong> vous plonge dans l\u2019univers glamour et th\u00e9\u00e2tral du <strong data-start=\"503\" data-end=\"544\">cabaret et de l\u2019effeuillage burlesque<\/strong>, m\u00ealant techniques de sc\u00e8ne, sensualit\u00e9 et cr\u00e9ativit\u00e9.<\/h6>\n<h6 data-start=\"601\" data-end=\"747\">Inspir\u00e9 du <strong data-start=\"612\" data-end=\"634\">showgirls training<\/strong>, cet atelier vous permettra de d\u00e9velopper votre pr\u00e9sence, votre posture et votre pouvoir de s\u00e9duction sur sc\u00e8ne.<\/h6>\n<h6 data-start=\"749\" data-end=\"959\">Accessible aux d\u00e9butantes comme aux personnes souhaitant approfondir leur pratique du <strong data-start=\"835\" data-end=\"862\">burlesque et du cabaret<\/strong>, ce stage est une invitation \u00e0 explorer votre f\u00e9minit\u00e9 dans un cadre bienveillant et artistique.<\/h6>\n<h6 data-start=\"961\" data-end=\"995\">Au programme du stage burlesque<\/h6>\n<h6 data-start=\"997\" data-end=\"1232\">\u2728 <strong data-start=\"999\" data-end=\"1021\">showgirls training<\/strong> et posture de sc\u00e8ne<br data-start=\"1041\" data-end=\"1044\" \/>\u2728 <strong data-start=\"1046\" data-end=\"1084\">techniques d\u2019effeuillage burlesque<\/strong><br data-start=\"1084\" data-end=\"1087\" \/>\u2728 travail de <strong data-start=\"1100\" data-end=\"1134\">s\u00e9duction et pr\u00e9sence sc\u00e9nique<\/strong><br data-start=\"1134\" data-end=\"1137\" \/>\u2728 apprentissage de <strong data-start=\"1156\" data-end=\"1181\">chor\u00e9graphies cabaret<\/strong><br data-start=\"1181\" data-end=\"1184\" \/>\u2728 exploration de votre <strong data-start=\"1207\" data-end=\"1232\">cr\u00e9ativit\u00e9 artistique<\/strong><\/h6>\n<h6 data-start=\"1234\" data-end=\"1335\">Un moment pour <strong data-start=\"1249\" data-end=\"1308\">oser, s\u2019amuser et se reconnecter \u00e0 son pouvoir sc\u00e9nique<\/strong> dans l\u2019univers du cabaret.<\/h6>\n<h6 data-start=\"1337\" data-end=\"1362\">Informations pratiques<\/h6>\n<h6 data-start=\"1364\" data-end=\"1435\">\ud83d\udccd <strong data-start=\"1367\" data-end=\"1410\">Studio Bleu \u2013 10 rue Erard, 75012 Paris<\/strong><br data-start=\"1410\" data-end=\"1413\" \/>\ud83d\ude87 M\u00e9tro <strong data-start=\"1422\" data-end=\"1435\">Mongallet<\/strong><\/h6>\n<h6 data-start=\"1437\" data-end=\"1480\">\ud83d\udcc5 <strong data-start=\"1440\" data-end=\"1457\">Samedi 30 mai<\/strong><br data-start=\"1457\" data-end=\"1460\" \/>\ud83d\udd51 <strong data-start=\"1463\" data-end=\"1480\">14h00 \u2013 17h00<\/strong><\/h6>\n<h6 data-start=\"1482\" data-end=\"1547\">\u23f1 Dur\u00e9e : <strong data-start=\"1492\" data-end=\"1504\">3 heures<\/strong><br data-start=\"1504\" data-end=\"1507\" \/>\ud83d\udcab Niveau : <strong data-start=\"1519\" data-end=\"1547\">d\u00e9butant \u00e0 interm\u00e9diaire<br \/>\nAccessoires pr\u00eat\u00e9s : <\/strong>Gants satin + \u00e9charpes paillet\u00e9es<br \/>\n<strong>Tenue recommand\u00e9e :<\/strong> Peignoir ou d\u00e9shabill\u00e9 + Lingerie ou legging et top + une paire de talons<\/h6>\n<h6 data-start=\"1549\" data-end=\"1565\"><strong data-start=\"1549\" data-end=\"1565\">Tarif : 65 \u20ac<\/strong><\/h6>\n<p>&nbsp;<\/p>\n<h6 data-start=\"1549\" data-end=\"1565\"><em>Il sera propos\u00e9 \u00e0 la fin du cours de prendre un verre toutes ensemble.<\/em><\/h6>\n<h6 data-start=\"1567\" data-end=\"1635\"><em>Les places sont limit\u00e9es \u00e0 15 personnes<\/em><br \/>\npour garantir un accompagnement de qualit\u00e9.<\/h6>\n<p>Contact:<br \/>\ncontact@olalaparty.com<br \/>\n06 98 32 19 08<\/p>\n","protected":false},"featured_media":9374,"template":"","meta":[],"product_brand":[],"product_cat":[21],"product_tag":[],"class_list":{"0":"post-9371","1":"product","2":"type-product","3":"status-publish","4":"has-post-thumbnail","6":"product_cat-t-shirt","8":"first","9":"outofstock","10":"taxable","11":"shipping-taxable","12":"purchasable","13":"product-type-simple"},"yoast_head":"<!-- This site is optimized with the Yoast SEO plugin v27.5 - https:\/\/yoast.com\/product\/yoast-seo-wordpress\/ -->\n<title>Stage Intensif 3h Effeuillage Burlesque \/ Samedi 30 Mai 14h-17H - Paris \/ Mlle Loison - Effeuillage Burlesque<\/title>\n<meta name=\"robots\" content=\"index, follow, max-snippet:-1, max-image-preview:large, max-video-preview:-1\" \/>\n<link rel=\"canonical\" href=\"https:\/\/www.olalaparty.com\/produit\/stage-intensif-3h-effeuillage-burlesque-samedi-30-mai-14h-17h-paris-mlle-loison\/\" \/>\n<meta property=\"og:locale\" content=\"en_US\" \/>\n<meta property=\"og:type\" content=\"article\" \/>\n<meta property=\"og:title\" content=\"Stage Intensif 3h Effeuillage Burlesque \/ Samedi 30 Mai 14h-17H - Paris \/ Mlle Loison - Effeuillage Burlesque\" \/>\n<meta property=\"og:description\" content=\"D\u00e9couvrez l\u2019effeuillage burlesque \u00e0 Paris lors d\u2019un stage immersif de 3 heures avec Mlle Loison, artiste burlesque et fondatrice de l\u2019\u00e9cole Olala Party. Ce stage burlesque \u00e0 Paris vous plonge dans l\u2019univers glamour et th\u00e9\u00e2tral du cabaret et de l\u2019effeuillage burlesque, m\u00ealant techniques de sc\u00e8ne, sensualit\u00e9 et cr\u00e9ativit\u00e9. Inspir\u00e9 du showgirls training, cet atelier vous permettra de d\u00e9velopper votre pr\u00e9sence, votre posture et votre pouvoir de s\u00e9duction sur sc\u00e8ne. Accessible aux d\u00e9butantes comme aux personnes souhaitant approfondir leur pratique du burlesque et du cabaret, ce stage est une invitation \u00e0 explorer votre f\u00e9minit\u00e9 dans un cadre bienveillant et artistique. Au programme du stage burlesque \u2728 showgirls training et posture de sc\u00e8ne\u2728 techniques d\u2019effeuillage burlesque\u2728 travail de s\u00e9duction et pr\u00e9sence sc\u00e9nique\u2728 apprentissage de chor\u00e9graphies cabaret\u2728 exploration de votre cr\u00e9ativit\u00e9 artistique Un moment pour oser, s\u2019amuser et se reconnecter \u00e0 son pouvoir sc\u00e9nique dans l\u2019univers du cabaret. Informations pratiques \ud83d\udccd Studio Bleu \u2013 10 rue Erard, 75012 Paris\ud83d\ude87 M\u00e9tro Mongallet \ud83d\udcc5 Samedi 30 mai\ud83d\udd51 14h00 \u2013 17h00 \u23f1 Dur\u00e9e : 3 heures\ud83d\udcab Niveau : d\u00e9butant \u00e0 interm\u00e9diaire Accessoires pr\u00eat\u00e9s : Gants satin + \u00e9charpes paillet\u00e9es Tenue recommand\u00e9e : Peignoir ou d\u00e9shabill\u00e9 + Lingerie ou legging et top + une paire de talons Tarif : 65 \u20ac &nbsp; Il sera propos\u00e9 \u00e0 la fin du cours de prendre un verre toutes ensemble. Les places sont limit\u00e9es \u00e0 15 personnes pour garantir un accompagnement de qualit\u00e9. Contact: contact@olalaparty.com 06 98 32 19 08\" \/>\n<meta property=\"og:url\" content=\"https:\/\/www.olalaparty.com\/produit\/stage-intensif-3h-effeuillage-burlesque-samedi-30-mai-14h-17h-paris-mlle-loison\/\" \/>\n<meta property=\"og:site_name\" content=\"Effeuillage Burlesque\" \/>\n<meta property=\"article:modified_time\" content=\"2026-04-21T09:21:10+00:00\" \/>\n<meta property=\"og:image\" content=\"https:\/\/www.olalaparty.com\/wp-content\/uploads\/2026\/03\/Burlesque-Summer-camp-1.png\" \/>\n\t<meta property=\"og:image:width\" content=\"1080\" \/>\n\t<meta property=\"og:image:height\" content=\"1920\" \/>\n\t<meta property=\"og:image:type\" content=\"image\/png\" \/>\n<meta name=\"twitter:card\" content=\"summary_large_image\" \/>\n<meta name=\"twitter:label1\" content=\"Est. reading time\" \/>\n\t<meta name=\"twitter:data1\" content=\"1 minute\" \/>\n<script type=\"application\/ld+json\" class=\"yoast-schema-graph\">{\"@context\":\"https:\\\/\\\/schema.org\",\"@graph\":[{\"@type\":\"WebPage\",\"@id\":\"https:\\\/\\\/www.olalaparty.com\\\/produit\\\/stage-intensif-3h-effeuillage-burlesque-samedi-30-mai-14h-17h-paris-mlle-loison\\\/\",\"url\":\"https:\\\/\\\/www.olalaparty.com\\\/produit\\\/stage-intensif-3h-effeuillage-burlesque-samedi-30-mai-14h-17h-paris-mlle-loison\\\/\",\"name\":\"Stage Intensif 3h Effeuillage Burlesque \\\/ Samedi 30 Mai 14h-17H - Paris \\\/ Mlle Loison - Effeuillage Burlesque\",\"isPartOf\":{\"@id\":\"https:\\\/\\\/www.olalaparty.com\\\/#website\"},\"primaryImageOfPage\":{\"@id\":\"https:\\\/\\\/www.olalaparty.com\\\/produit\\\/stage-intensif-3h-effeuillage-burlesque-samedi-30-mai-14h-17h-paris-mlle-loison\\\/#primaryimage\"},\"image\":{\"@id\":\"https:\\\/\\\/www.olalaparty.com\\\/produit\\\/stage-intensif-3h-effeuillage-burlesque-samedi-30-mai-14h-17h-paris-mlle-loison\\\/#primaryimage\"},\"thumbnailUrl\":\"https:\\\/\\\/www.olalaparty.com\\\/wp-content\\\/uploads\\\/2026\\\/03\\\/Burlesque-Summer-camp-1.png\",\"datePublished\":\"2026-03-10T08:55:42+00:00\",\"dateModified\":\"2026-04-21T09:21:10+00:00\",\"breadcrumb\":{\"@id\":\"https:\\\/\\\/www.olalaparty.com\\\/produit\\\/stage-intensif-3h-effeuillage-burlesque-samedi-30-mai-14h-17h-paris-mlle-loison\\\/#breadcrumb\"},\"inLanguage\":\"en-US\",\"potentialAction\":[{\"@type\":\"ReadAction\",\"target\":[\"https:\\\/\\\/www.olalaparty.com\\\/produit\\\/stage-intensif-3h-effeuillage-burlesque-samedi-30-mai-14h-17h-paris-mlle-loison\\\/\"]}]},{\"@type\":\"ImageObject\",\"inLanguage\":\"en-US\",\"@id\":\"https:\\\/\\\/www.olalaparty.com\\\/produit\\\/stage-intensif-3h-effeuillage-burlesque-samedi-30-mai-14h-17h-paris-mlle-loison\\\/#primaryimage\",\"url\":\"https:\\\/\\\/www.olalaparty.com\\\/wp-content\\\/uploads\\\/2026\\\/03\\\/Burlesque-Summer-camp-1.png\",\"contentUrl\":\"https:\\\/\\\/www.olalaparty.com\\\/wp-content\\\/uploads\\\/2026\\\/03\\\/Burlesque-Summer-camp-1.png\",\"width\":1080,\"height\":1920},{\"@type\":\"BreadcrumbList\",\"@id\":\"https:\\\/\\\/www.olalaparty.com\\\/produit\\\/stage-intensif-3h-effeuillage-burlesque-samedi-30-mai-14h-17h-paris-mlle-loison\\\/#breadcrumb\",\"itemListElement\":[{\"@type\":\"ListItem\",\"position\":1,\"name\":\"Accueil\",\"item\":\"https:\\\/\\\/www.olalaparty.com\\\/en\\\/home\\\/\"},{\"@type\":\"ListItem\",\"position\":2,\"name\":\"Boutique\",\"item\":\"https:\\\/\\\/www.olalaparty.com\\\/boutique-olala\\\/\"},{\"@type\":\"ListItem\",\"position\":3,\"name\":\"Stage Intensif 3h Effeuillage Burlesque \\\/ Samedi 30 Mai 14h-17H &#8211; Paris \\\/ Mlle Loison\"}]},{\"@type\":\"WebSite\",\"@id\":\"https:\\\/\\\/www.olalaparty.com\\\/#website\",\"url\":\"https:\\\/\\\/www.olalaparty.com\\\/\",\"name\":\"Effeuillage Burlesque\",\"description\":\"\",\"publisher\":{\"@id\":\"https:\\\/\\\/www.olalaparty.com\\\/#organization\"},\"potentialAction\":[{\"@type\":\"SearchAction\",\"target\":{\"@type\":\"EntryPoint\",\"urlTemplate\":\"https:\\\/\\\/www.olalaparty.com\\\/?s={search_term_string}\"},\"query-input\":{\"@type\":\"PropertyValueSpecification\",\"valueRequired\":true,\"valueName\":\"search_term_string\"}}],\"inLanguage\":\"en-US\"},{\"@type\":\"Organization\",\"@id\":\"https:\\\/\\\/www.olalaparty.com\\\/#organization\",\"name\":\"Olala Party\",\"url\":\"https:\\\/\\\/www.olalaparty.com\\\/\",\"logo\":{\"@type\":\"ImageObject\",\"inLanguage\":\"en-US\",\"@id\":\"https:\\\/\\\/www.olalaparty.com\\\/#\\\/schema\\\/logo\\\/image\\\/\",\"url\":\"https:\\\/\\\/www.olalaparty.com\\\/wp-content\\\/uploads\\\/2023\\\/03\\\/effeuillage-burlesque-olala-party.svg\",\"contentUrl\":\"https:\\\/\\\/www.olalaparty.com\\\/wp-content\\\/uploads\\\/2023\\\/03\\\/effeuillage-burlesque-olala-party.svg\",\"width\":97,\"height\":97,\"caption\":\"Olala Party\"},\"image\":{\"@id\":\"https:\\\/\\\/www.olalaparty.com\\\/#\\\/schema\\\/logo\\\/image\\\/\"}}]}<\/script>\n<!-- \/ Yoast SEO plugin. -->","yoast_head_json":{"title":"Stage Intensif 3h Effeuillage Burlesque \/ Samedi 30 Mai 14h-17H - Paris \/ Mlle Loison - Effeuillage Burlesque","robots":{"index":"index","follow":"follow","max-snippet":"max-snippet:-1","max-image-preview":"max-image-preview:large","max-video-preview":"max-video-preview:-1"},"canonical":"https:\/\/www.olalaparty.com\/produit\/stage-intensif-3h-effeuillage-burlesque-samedi-30-mai-14h-17h-paris-mlle-loison\/","og_locale":"en_US","og_type":"article","og_title":"Stage Intensif 3h Effeuillage Burlesque \/ Samedi 30 Mai 14h-17H - Paris \/ Mlle Loison - Effeuillage Burlesque","og_description":"D\u00e9couvrez l\u2019effeuillage burlesque \u00e0 Paris lors d\u2019un stage immersif de 3 heures avec Mlle Loison, artiste burlesque et fondatrice de l\u2019\u00e9cole Olala Party. Ce stage burlesque \u00e0 Paris vous plonge dans l\u2019univers glamour et th\u00e9\u00e2tral du cabaret et de l\u2019effeuillage burlesque, m\u00ealant techniques de sc\u00e8ne, sensualit\u00e9 et cr\u00e9ativit\u00e9. Inspir\u00e9 du showgirls training, cet atelier vous permettra de d\u00e9velopper votre pr\u00e9sence, votre posture et votre pouvoir de s\u00e9duction sur sc\u00e8ne. Accessible aux d\u00e9butantes comme aux personnes souhaitant approfondir leur pratique du burlesque et du cabaret, ce stage est une invitation \u00e0 explorer votre f\u00e9minit\u00e9 dans un cadre bienveillant et artistique. Au programme du stage burlesque \u2728 showgirls training et posture de sc\u00e8ne\u2728 techniques d\u2019effeuillage burlesque\u2728 travail de s\u00e9duction et pr\u00e9sence sc\u00e9nique\u2728 apprentissage de chor\u00e9graphies cabaret\u2728 exploration de votre cr\u00e9ativit\u00e9 artistique Un moment pour oser, s\u2019amuser et se reconnecter \u00e0 son pouvoir sc\u00e9nique dans l\u2019univers du cabaret. Informations pratiques \ud83d\udccd Studio Bleu \u2013 10 rue Erard, 75012 Paris\ud83d\ude87 M\u00e9tro Mongallet \ud83d\udcc5 Samedi 30 mai\ud83d\udd51 14h00 \u2013 17h00 \u23f1 Dur\u00e9e : 3 heures\ud83d\udcab Niveau : d\u00e9butant \u00e0 interm\u00e9diaire Accessoires pr\u00eat\u00e9s : Gants satin + \u00e9charpes paillet\u00e9es Tenue recommand\u00e9e : Peignoir ou d\u00e9shabill\u00e9 + Lingerie ou legging et top + une paire de talons Tarif : 65 \u20ac &nbsp; Il sera propos\u00e9 \u00e0 la fin du cours de prendre un verre toutes ensemble. Les places sont limit\u00e9es \u00e0 15 personnes pour garantir un accompagnement de qualit\u00e9. Contact: contact@olalaparty.com 06 98 32 19 08","og_url":"https:\/\/www.olalaparty.com\/produit\/stage-intensif-3h-effeuillage-burlesque-samedi-30-mai-14h-17h-paris-mlle-loison\/","og_site_name":"Effeuillage Burlesque","article_modified_time":"2026-04-21T09:21:10+00:00","og_image":[{"width":1080,"height":1920,"url":"https:\/\/www.olalaparty.com\/wp-content\/uploads\/2026\/03\/Burlesque-Summer-camp-1.png","type":"image\/png"}],"twitter_card":"summary_large_image","twitter_misc":{"Est. reading time":"1 minute"},"schema":{"@context":"https:\/\/schema.org","@graph":[{"@type":"WebPage","@id":"https:\/\/www.olalaparty.com\/produit\/stage-intensif-3h-effeuillage-burlesque-samedi-30-mai-14h-17h-paris-mlle-loison\/","url":"https:\/\/www.olalaparty.com\/produit\/stage-intensif-3h-effeuillage-burlesque-samedi-30-mai-14h-17h-paris-mlle-loison\/","name":"Stage Intensif 3h Effeuillage Burlesque \/ Samedi 30 Mai 14h-17H - Paris \/ Mlle Loison - Effeuillage Burlesque","isPartOf":{"@id":"https:\/\/www.olalaparty.com\/#website"},"primaryImageOfPage":{"@id":"https:\/\/www.olalaparty.com\/produit\/stage-intensif-3h-effeuillage-burlesque-samedi-30-mai-14h-17h-paris-mlle-loison\/#primaryimage"},"image":{"@id":"https:\/\/www.olalaparty.com\/produit\/stage-intensif-3h-effeuillage-burlesque-samedi-30-mai-14h-17h-paris-mlle-loison\/#primaryimage"},"thumbnailUrl":"https:\/\/www.olalaparty.com\/wp-content\/uploads\/2026\/03\/Burlesque-Summer-camp-1.png","datePublished":"2026-03-10T08:55:42+00:00","dateModified":"2026-04-21T09:21:10+00:00","breadcrumb":{"@id":"https:\/\/www.olalaparty.com\/produit\/stage-intensif-3h-effeuillage-burlesque-samedi-30-mai-14h-17h-paris-mlle-loison\/#breadcrumb"},"inLanguage":"en-US","potentialAction":[{"@type":"ReadAction","target":["https:\/\/www.olalaparty.com\/produit\/stage-intensif-3h-effeuillage-burlesque-samedi-30-mai-14h-17h-paris-mlle-loison\/"]}]},{"@type":"ImageObject","inLanguage":"en-US","@id":"https:\/\/www.olalaparty.com\/produit\/stage-intensif-3h-effeuillage-burlesque-samedi-30-mai-14h-17h-paris-mlle-loison\/#primaryimage","url":"https:\/\/www.olalaparty.com\/wp-content\/uploads\/2026\/03\/Burlesque-Summer-camp-1.png","contentUrl":"https:\/\/www.olalaparty.com\/wp-content\/uploads\/2026\/03\/Burlesque-Summer-camp-1.png","width":1080,"height":1920},{"@type":"BreadcrumbList","@id":"https:\/\/www.olalaparty.com\/produit\/stage-intensif-3h-effeuillage-burlesque-samedi-30-mai-14h-17h-paris-mlle-loison\/#breadcrumb","itemListElement":[{"@type":"ListItem","position":1,"name":"Accueil","item":"https:\/\/www.olalaparty.com\/en\/home\/"},{"@type":"ListItem","position":2,"name":"Boutique","item":"https:\/\/www.olalaparty.com\/boutique-olala\/"},{"@type":"ListItem","position":3,"name":"Stage Intensif 3h Effeuillage Burlesque \/ Samedi 30 Mai 14h-17H &#8211; Paris \/ Mlle Loison"}]},{"@type":"WebSite","@id":"https:\/\/www.olalaparty.com\/#website","url":"https:\/\/www.olalaparty.com\/","name":"Effeuillage Burlesque","description":"","publisher":{"@id":"https:\/\/www.olalaparty.com\/#organization"},"potentialAction":[{"@type":"SearchAction","target":{"@type":"EntryPoint","urlTemplate":"https:\/\/www.olalaparty.com\/?s={search_term_string}"},"query-input":{"@type":"PropertyValueSpecification","valueRequired":true,"valueName":"search_term_string"}}],"inLanguage":"en-US"},{"@type":"Organization","@id":"https:\/\/www.olalaparty.com\/#organization","name":"Olala Party","url":"https:\/\/www.olalaparty.com\/","logo":{"@type":"ImageObject","inLanguage":"en-US","@id":"https:\/\/www.olalaparty.com\/#\/schema\/logo\/image\/","url":"https:\/\/www.olalaparty.com\/wp-content\/uploads\/2023\/03\/effeuillage-burlesque-olala-party.svg","contentUrl":"https:\/\/www.olalaparty.com\/wp-content\/uploads\/2023\/03\/effeuillage-burlesque-olala-party.svg","width":97,"height":97,"caption":"Olala Party"},"image":{"@id":"https:\/\/www.olalaparty.com\/#\/schema\/logo\/image\/"}}]}},"_links":{"self":[{"href":"https:\/\/www.olalaparty.com\/en\/wp-json\/wp\/v2\/product\/9371","targetHints":{"allow":["GET"]}}],"collection":[{"href":"https:\/\/www.olalaparty.com\/en\/wp-json\/wp\/v2\/product"}],"about":[{"href":"https:\/\/www.olalaparty.com\/en\/wp-json\/wp\/v2\/types\/product"}],"wp:featuredmedia":[{"embeddable":true,"href":"https:\/\/www.olalaparty.com\/en\/wp-json\/wp\/v2\/media\/9374"}],"wp:attachment":[{"href":"https:\/\/www.olalaparty.com\/en\/wp-json\/wp\/v2\/media?parent=9371"}],"wp:term":[{"taxonomy":"product_brand","embeddable":true,"href":"https:\/\/www.olalaparty.com\/en\/wp-json\/wp\/v2\/product_brand?post=9371"},{"taxonomy":"product_cat","embeddable":true,"href":"https:\/\/www.olalaparty.com\/en\/wp-json\/wp\/v2\/product_cat?post=9371"},{"taxonomy":"product_tag","embeddable":true,"href":"https:\/\/www.olalaparty.com\/en\/wp-json\/wp\/v2\/product_tag?post=9371"}],"curies":[{"name":"wp","href":"https:\/\/api.w.org\/{rel}","templated":true}]}}