{"id":9376,"date":"2026-03-10T10:24:07","date_gmt":"2026-03-10T09:24:07","guid":{"rendered":"https:\/\/www.olalaparty.com\/?post_type=product&#038;p=9376"},"modified":"2026-03-10T10:24:07","modified_gmt":"2026-03-10T09:24:07","slug":"stage-effeuillage-burlesque-paris-dimanche-7-juin-avec-mlle-loison","status":"publish","type":"product","link":"https:\/\/www.olalaparty.com\/en\/produit\/stage-effeuillage-burlesque-paris-dimanche-7-juin-avec-mlle-loison\/","title":{"rendered":"Stage Effeuillage Burlesque Paris \u2013 Dimanche 7 Juin  avec Mlle Loison"},"content":{"rendered":"","protected":false},"excerpt":{"rendered":"<h6 data-start=\"315\" data-end=\"552\"><\/h6>\n<h6 data-start=\"315\" data-end=\"552\">Envie de d\u00e9couvrir <strong data-start=\"334\" data-end=\"369\">l\u2019effeuillage burlesque \u00e0 Paris<\/strong> ?<br data-start=\"371\" data-end=\"374\" \/>Participez \u00e0 un <strong data-start=\"390\" data-end=\"423\">stage d\u00e9couverte de burlesque<\/strong> avec <strong data-start=\"429\" data-end=\"444\">Mlle Loison<\/strong>, fondatrice de l\u2019\u00e9cole <strong data-start=\"468\" data-end=\"483\">Olala Party<\/strong>, sp\u00e9cialis\u00e9e dans le cabaret et l\u2019effeuillage burlesque depuis 2009.<\/h6>\n<h6 data-start=\"554\" data-end=\"705\">Ce <strong data-start=\"557\" data-end=\"596\">stage burlesque \u00e0 Paris de 2 heures<\/strong> est id\u00e9al pour d\u00e9couvrir cet art glamour, sensuel et th\u00e9\u00e2tral issu de la tradition du <strong data-start=\"683\" data-end=\"704\">cabaret burlesque<\/strong>.<\/h6>\n<h6 data-start=\"707\" data-end=\"921\">Accessible aux d\u00e9butantes comme aux curieuses souhaitant explorer l\u2019univers du <strong data-start=\"786\" data-end=\"813\">burlesque et du cabaret<\/strong>, ce stage vous permettra d\u2019apprendre les bases de l\u2019effeuillage dans une ambiance bienveillante et ludique.<\/h6>\n<h6 data-start=\"923\" data-end=\"957\"><strong>Au programme du stage burlesque :<\/strong><\/h6>\n<h6 data-start=\"959\" data-end=\"1257\">\u2728 d\u00e9couverte des <strong data-start=\"976\" data-end=\"1012\">bases de l\u2019effeuillage burlesque<\/strong><br data-start=\"1012\" data-end=\"1015\" \/>\u2728 apprentissage des <strong data-start=\"1035\" data-end=\"1072\">gestes embl\u00e9matiques du burlesque<\/strong><br data-start=\"1072\" data-end=\"1075\" \/>\u2728 travail du <strong data-start=\"1088\" data-end=\"1140\">regard, de l\u2019attitude et de la pr\u00e9sence sc\u00e9nique<\/strong><br data-start=\"1140\" data-end=\"1143\" \/>\u2728 exploration de la <strong data-start=\"1163\" data-end=\"1201\">f\u00e9minit\u00e9 et de la confiance en soi<\/strong><br data-start=\"1201\" data-end=\"1204\" \/>\u2728 apprentissage d\u2019une <strong data-start=\"1226\" data-end=\"1257\">courte chor\u00e9graphie cabaret<\/strong><\/h6>\n<h6 data-start=\"1259\" data-end=\"1394\">Ce stage est parfait pour d\u00e9couvrir <strong data-start=\"1295\" data-end=\"1343\">l\u2019univers du cabaret et du burlesque \u00e0 Paris<\/strong>, s\u2019amuser, oser et se reconnecter \u00e0 sa cr\u00e9ativit\u00e9.<\/h6>\n<h6 data-start=\"1396\" data-end=\"1440\">Aucune exp\u00e9rience en danse n\u2019est n\u00e9cessaire.<\/h6>\n<h6 data-start=\"1442\" data-end=\"1467\"><strong>Informations pratiques :<\/strong><\/h6>\n<h6 data-start=\"1469\" data-end=\"1601\">\ud83d\udccd <strong data-start=\"1472\" data-end=\"1488\">Lieu :<br \/>\n<span class=\"a_GcMg font-feature-liga-off font-feature-clig-off font-feature-calt-off text-decoration-none text-strikethrough-none\">STUDIO BLEU : <\/span><a class=\"a_GcMg font-feature-liga-off font-feature-clig-off font-feature-calt-off text-decoration-underline text-strikethrough-none\" draggable=\"false\" href=\"https:\/\/www.google.com\/maps\/place\/data=!4m2!3m1!1s0x47e67392a9b09fab:0xfbbb2b2a8ccdd61f?sa=X&amp;ved=1t:8290&amp;ictx=111\" target=\"_blank\" rel=\"noopener\">10 Rue Erard, 75012 Paris<\/a>\u00a0<\/strong><br data-start=\"1488\" data-end=\"1491\" \/>\ud83d\udcc5 <strong data-start=\"1494\" data-end=\"1513\">Dimanche 31 mai<\/strong><br data-start=\"1513\" data-end=\"1516\" \/>\ud83d\udd51 <strong data-start=\"1519\" data-end=\"1536\">14h30 \u2013 16h30<\/strong><br data-start=\"1536\" data-end=\"1539\" \/>\u23f1 Dur\u00e9e : <strong data-start=\"1549\" data-end=\"1561\">2 heures<\/strong><br data-start=\"1561\" data-end=\"1564\" \/>\ud83d\udcab Niveau : <strong data-start=\"1576\" data-end=\"1601\">d\u00e9butant \u2013 d\u00e9couverte<\/strong><\/h6>\n<h6 data-start=\"1603\" data-end=\"1619\"><strong data-start=\"1603\" data-end=\"1619\">Tarif : 40 \u20ac<\/strong><\/h6>\n<h6 data-start=\"1621\" data-end=\"1686\">Les places sont limit\u00e9es pour garantir une exp\u00e9rience de qualit\u00e9.<\/h6>\n<p><strong>Contact<\/strong><br \/>\ncontact@olalaparty.com<br \/>\n06 98 32 19 08<\/p>\n<p>&nbsp;<\/p>\n","protected":false},"featured_media":9377,"template":"","meta":[],"product_brand":[],"product_cat":[21],"product_tag":[],"class_list":{"0":"post-9376","1":"product","2":"type-product","3":"status-publish","4":"has-post-thumbnail","6":"product_cat-t-shirt","8":"first","9":"instock","10":"taxable","11":"shipping-taxable","12":"purchasable","13":"product-type-simple"},"yoast_head":"<!-- This site is optimized with the Yoast SEO plugin v27.5 - https:\/\/yoast.com\/product\/yoast-seo-wordpress\/ -->\n<title>Stage Effeuillage Burlesque Paris \u2013 Dimanche 7 Juin avec Mlle Loison - Effeuillage Burlesque<\/title>\n<meta name=\"robots\" content=\"index, follow, max-snippet:-1, max-image-preview:large, max-video-preview:-1\" \/>\n<link rel=\"canonical\" href=\"https:\/\/www.olalaparty.com\/produit\/stage-effeuillage-burlesque-paris-dimanche-7-juin-avec-mlle-loison\/\" \/>\n<meta property=\"og:locale\" content=\"en_US\" \/>\n<meta property=\"og:type\" content=\"article\" \/>\n<meta property=\"og:title\" content=\"Stage Effeuillage Burlesque Paris \u2013 Dimanche 7 Juin avec Mlle Loison - Effeuillage Burlesque\" \/>\n<meta property=\"og:description\" content=\"Envie de d\u00e9couvrir l\u2019effeuillage burlesque \u00e0 Paris ?Participez \u00e0 un stage d\u00e9couverte de burlesque avec Mlle Loison, fondatrice de l\u2019\u00e9cole Olala Party, sp\u00e9cialis\u00e9e dans le cabaret et l\u2019effeuillage burlesque depuis 2009. Ce stage burlesque \u00e0 Paris de 2 heures est id\u00e9al pour d\u00e9couvrir cet art glamour, sensuel et th\u00e9\u00e2tral issu de la tradition du cabaret burlesque. Accessible aux d\u00e9butantes comme aux curieuses souhaitant explorer l\u2019univers du burlesque et du cabaret, ce stage vous permettra d\u2019apprendre les bases de l\u2019effeuillage dans une ambiance bienveillante et ludique. Au programme du stage burlesque : \u2728 d\u00e9couverte des bases de l\u2019effeuillage burlesque\u2728 apprentissage des gestes embl\u00e9matiques du burlesque\u2728 travail du regard, de l\u2019attitude et de la pr\u00e9sence sc\u00e9nique\u2728 exploration de la f\u00e9minit\u00e9 et de la confiance en soi\u2728 apprentissage d\u2019une courte chor\u00e9graphie cabaret Ce stage est parfait pour d\u00e9couvrir l\u2019univers du cabaret et du burlesque \u00e0 Paris, s\u2019amuser, oser et se reconnecter \u00e0 sa cr\u00e9ativit\u00e9. Aucune exp\u00e9rience en danse n\u2019est n\u00e9cessaire. Informations pratiques : \ud83d\udccd Lieu : STUDIO BLEU : 10 Rue Erard, 75012 Paris\u00a0\ud83d\udcc5 Dimanche 31 mai\ud83d\udd51 14h30 \u2013 16h30\u23f1 Dur\u00e9e : 2 heures\ud83d\udcab Niveau : d\u00e9butant \u2013 d\u00e9couverte Tarif : 40 \u20ac Les places sont limit\u00e9es pour garantir une exp\u00e9rience de qualit\u00e9. Contact contact@olalaparty.com 06 98 32 19 08  &nbsp;\" \/>\n<meta property=\"og:url\" content=\"https:\/\/www.olalaparty.com\/produit\/stage-effeuillage-burlesque-paris-dimanche-7-juin-avec-mlle-loison\/\" \/>\n<meta property=\"og:site_name\" content=\"Effeuillage Burlesque\" \/>\n<meta property=\"og:image\" content=\"https:\/\/www.olalaparty.com\/wp-content\/uploads\/2026\/03\/23_02_12-Burlesque-camp-Mademoiselle-Loison-1.png\" \/>\n\t<meta property=\"og:image:width\" content=\"1080\" \/>\n\t<meta property=\"og:image:height\" content=\"1080\" \/>\n\t<meta property=\"og:image:type\" content=\"image\/png\" \/>\n<meta name=\"twitter:card\" content=\"summary_large_image\" \/>\n<meta name=\"twitter:label1\" content=\"Est. reading time\" \/>\n\t<meta name=\"twitter:data1\" content=\"1 minute\" \/>\n<script type=\"application\/ld+json\" class=\"yoast-schema-graph\">{\"@context\":\"https:\\\/\\\/schema.org\",\"@graph\":[{\"@type\":\"WebPage\",\"@id\":\"https:\\\/\\\/www.olalaparty.com\\\/produit\\\/stage-effeuillage-burlesque-paris-dimanche-7-juin-avec-mlle-loison\\\/\",\"url\":\"https:\\\/\\\/www.olalaparty.com\\\/produit\\\/stage-effeuillage-burlesque-paris-dimanche-7-juin-avec-mlle-loison\\\/\",\"name\":\"Stage Effeuillage Burlesque Paris \u2013 Dimanche 7 Juin avec Mlle Loison - Effeuillage Burlesque\",\"isPartOf\":{\"@id\":\"https:\\\/\\\/www.olalaparty.com\\\/#website\"},\"primaryImageOfPage\":{\"@id\":\"https:\\\/\\\/www.olalaparty.com\\\/produit\\\/stage-effeuillage-burlesque-paris-dimanche-7-juin-avec-mlle-loison\\\/#primaryimage\"},\"image\":{\"@id\":\"https:\\\/\\\/www.olalaparty.com\\\/produit\\\/stage-effeuillage-burlesque-paris-dimanche-7-juin-avec-mlle-loison\\\/#primaryimage\"},\"thumbnailUrl\":\"https:\\\/\\\/www.olalaparty.com\\\/wp-content\\\/uploads\\\/2026\\\/03\\\/23_02_12-Burlesque-camp-Mademoiselle-Loison-1.png\",\"datePublished\":\"2026-03-10T09:24:07+00:00\",\"breadcrumb\":{\"@id\":\"https:\\\/\\\/www.olalaparty.com\\\/produit\\\/stage-effeuillage-burlesque-paris-dimanche-7-juin-avec-mlle-loison\\\/#breadcrumb\"},\"inLanguage\":\"en-US\",\"potentialAction\":[{\"@type\":\"ReadAction\",\"target\":[\"https:\\\/\\\/www.olalaparty.com\\\/produit\\\/stage-effeuillage-burlesque-paris-dimanche-7-juin-avec-mlle-loison\\\/\"]}]},{\"@type\":\"ImageObject\",\"inLanguage\":\"en-US\",\"@id\":\"https:\\\/\\\/www.olalaparty.com\\\/produit\\\/stage-effeuillage-burlesque-paris-dimanche-7-juin-avec-mlle-loison\\\/#primaryimage\",\"url\":\"https:\\\/\\\/www.olalaparty.com\\\/wp-content\\\/uploads\\\/2026\\\/03\\\/23_02_12-Burlesque-camp-Mademoiselle-Loison-1.png\",\"contentUrl\":\"https:\\\/\\\/www.olalaparty.com\\\/wp-content\\\/uploads\\\/2026\\\/03\\\/23_02_12-Burlesque-camp-Mademoiselle-Loison-1.png\",\"width\":1080,\"height\":1080},{\"@type\":\"BreadcrumbList\",\"@id\":\"https:\\\/\\\/www.olalaparty.com\\\/produit\\\/stage-effeuillage-burlesque-paris-dimanche-7-juin-avec-mlle-loison\\\/#breadcrumb\",\"itemListElement\":[{\"@type\":\"ListItem\",\"position\":1,\"name\":\"Accueil\",\"item\":\"https:\\\/\\\/www.olalaparty.com\\\/en\\\/home\\\/\"},{\"@type\":\"ListItem\",\"position\":2,\"name\":\"Boutique\",\"item\":\"https:\\\/\\\/www.olalaparty.com\\\/boutique-olala\\\/\"},{\"@type\":\"ListItem\",\"position\":3,\"name\":\"Stage Effeuillage Burlesque Paris \u2013 Dimanche 7 Juin avec Mlle Loison\"}]},{\"@type\":\"WebSite\",\"@id\":\"https:\\\/\\\/www.olalaparty.com\\\/#website\",\"url\":\"https:\\\/\\\/www.olalaparty.com\\\/\",\"name\":\"Effeuillage Burlesque\",\"description\":\"\",\"publisher\":{\"@id\":\"https:\\\/\\\/www.olalaparty.com\\\/#organization\"},\"potentialAction\":[{\"@type\":\"SearchAction\",\"target\":{\"@type\":\"EntryPoint\",\"urlTemplate\":\"https:\\\/\\\/www.olalaparty.com\\\/?s={search_term_string}\"},\"query-input\":{\"@type\":\"PropertyValueSpecification\",\"valueRequired\":true,\"valueName\":\"search_term_string\"}}],\"inLanguage\":\"en-US\"},{\"@type\":\"Organization\",\"@id\":\"https:\\\/\\\/www.olalaparty.com\\\/#organization\",\"name\":\"Olala Party\",\"url\":\"https:\\\/\\\/www.olalaparty.com\\\/\",\"logo\":{\"@type\":\"ImageObject\",\"inLanguage\":\"en-US\",\"@id\":\"https:\\\/\\\/www.olalaparty.com\\\/#\\\/schema\\\/logo\\\/image\\\/\",\"url\":\"https:\\\/\\\/www.olalaparty.com\\\/wp-content\\\/uploads\\\/2023\\\/03\\\/effeuillage-burlesque-olala-party.svg\",\"contentUrl\":\"https:\\\/\\\/www.olalaparty.com\\\/wp-content\\\/uploads\\\/2023\\\/03\\\/effeuillage-burlesque-olala-party.svg\",\"width\":97,\"height\":97,\"caption\":\"Olala Party\"},\"image\":{\"@id\":\"https:\\\/\\\/www.olalaparty.com\\\/#\\\/schema\\\/logo\\\/image\\\/\"}}]}<\/script>\n<!-- \/ Yoast SEO plugin. -->","yoast_head_json":{"title":"Stage Effeuillage Burlesque Paris \u2013 Dimanche 7 Juin avec Mlle Loison - Effeuillage Burlesque","robots":{"index":"index","follow":"follow","max-snippet":"max-snippet:-1","max-image-preview":"max-image-preview:large","max-video-preview":"max-video-preview:-1"},"canonical":"https:\/\/www.olalaparty.com\/produit\/stage-effeuillage-burlesque-paris-dimanche-7-juin-avec-mlle-loison\/","og_locale":"en_US","og_type":"article","og_title":"Stage Effeuillage Burlesque Paris \u2013 Dimanche 7 Juin avec Mlle Loison - Effeuillage Burlesque","og_description":"Envie de d\u00e9couvrir l\u2019effeuillage burlesque \u00e0 Paris ?Participez \u00e0 un stage d\u00e9couverte de burlesque avec Mlle Loison, fondatrice de l\u2019\u00e9cole Olala Party, sp\u00e9cialis\u00e9e dans le cabaret et l\u2019effeuillage burlesque depuis 2009. Ce stage burlesque \u00e0 Paris de 2 heures est id\u00e9al pour d\u00e9couvrir cet art glamour, sensuel et th\u00e9\u00e2tral issu de la tradition du cabaret burlesque. Accessible aux d\u00e9butantes comme aux curieuses souhaitant explorer l\u2019univers du burlesque et du cabaret, ce stage vous permettra d\u2019apprendre les bases de l\u2019effeuillage dans une ambiance bienveillante et ludique. Au programme du stage burlesque : \u2728 d\u00e9couverte des bases de l\u2019effeuillage burlesque\u2728 apprentissage des gestes embl\u00e9matiques du burlesque\u2728 travail du regard, de l\u2019attitude et de la pr\u00e9sence sc\u00e9nique\u2728 exploration de la f\u00e9minit\u00e9 et de la confiance en soi\u2728 apprentissage d\u2019une courte chor\u00e9graphie cabaret Ce stage est parfait pour d\u00e9couvrir l\u2019univers du cabaret et du burlesque \u00e0 Paris, s\u2019amuser, oser et se reconnecter \u00e0 sa cr\u00e9ativit\u00e9. Aucune exp\u00e9rience en danse n\u2019est n\u00e9cessaire. Informations pratiques : \ud83d\udccd Lieu : STUDIO BLEU : 10 Rue Erard, 75012 Paris\u00a0\ud83d\udcc5 Dimanche 31 mai\ud83d\udd51 14h30 \u2013 16h30\u23f1 Dur\u00e9e : 2 heures\ud83d\udcab Niveau : d\u00e9butant \u2013 d\u00e9couverte Tarif : 40 \u20ac Les places sont limit\u00e9es pour garantir une exp\u00e9rience de qualit\u00e9. Contact contact@olalaparty.com 06 98 32 19 08  &nbsp;","og_url":"https:\/\/www.olalaparty.com\/produit\/stage-effeuillage-burlesque-paris-dimanche-7-juin-avec-mlle-loison\/","og_site_name":"Effeuillage Burlesque","og_image":[{"width":1080,"height":1080,"url":"https:\/\/www.olalaparty.com\/wp-content\/uploads\/2026\/03\/23_02_12-Burlesque-camp-Mademoiselle-Loison-1.png","type":"image\/png"}],"twitter_card":"summary_large_image","twitter_misc":{"Est. reading time":"1 minute"},"schema":{"@context":"https:\/\/schema.org","@graph":[{"@type":"WebPage","@id":"https:\/\/www.olalaparty.com\/produit\/stage-effeuillage-burlesque-paris-dimanche-7-juin-avec-mlle-loison\/","url":"https:\/\/www.olalaparty.com\/produit\/stage-effeuillage-burlesque-paris-dimanche-7-juin-avec-mlle-loison\/","name":"Stage Effeuillage Burlesque Paris \u2013 Dimanche 7 Juin avec Mlle Loison - Effeuillage Burlesque","isPartOf":{"@id":"https:\/\/www.olalaparty.com\/#website"},"primaryImageOfPage":{"@id":"https:\/\/www.olalaparty.com\/produit\/stage-effeuillage-burlesque-paris-dimanche-7-juin-avec-mlle-loison\/#primaryimage"},"image":{"@id":"https:\/\/www.olalaparty.com\/produit\/stage-effeuillage-burlesque-paris-dimanche-7-juin-avec-mlle-loison\/#primaryimage"},"thumbnailUrl":"https:\/\/www.olalaparty.com\/wp-content\/uploads\/2026\/03\/23_02_12-Burlesque-camp-Mademoiselle-Loison-1.png","datePublished":"2026-03-10T09:24:07+00:00","breadcrumb":{"@id":"https:\/\/www.olalaparty.com\/produit\/stage-effeuillage-burlesque-paris-dimanche-7-juin-avec-mlle-loison\/#breadcrumb"},"inLanguage":"en-US","potentialAction":[{"@type":"ReadAction","target":["https:\/\/www.olalaparty.com\/produit\/stage-effeuillage-burlesque-paris-dimanche-7-juin-avec-mlle-loison\/"]}]},{"@type":"ImageObject","inLanguage":"en-US","@id":"https:\/\/www.olalaparty.com\/produit\/stage-effeuillage-burlesque-paris-dimanche-7-juin-avec-mlle-loison\/#primaryimage","url":"https:\/\/www.olalaparty.com\/wp-content\/uploads\/2026\/03\/23_02_12-Burlesque-camp-Mademoiselle-Loison-1.png","contentUrl":"https:\/\/www.olalaparty.com\/wp-content\/uploads\/2026\/03\/23_02_12-Burlesque-camp-Mademoiselle-Loison-1.png","width":1080,"height":1080},{"@type":"BreadcrumbList","@id":"https:\/\/www.olalaparty.com\/produit\/stage-effeuillage-burlesque-paris-dimanche-7-juin-avec-mlle-loison\/#breadcrumb","itemListElement":[{"@type":"ListItem","position":1,"name":"Accueil","item":"https:\/\/www.olalaparty.com\/en\/home\/"},{"@type":"ListItem","position":2,"name":"Boutique","item":"https:\/\/www.olalaparty.com\/boutique-olala\/"},{"@type":"ListItem","position":3,"name":"Stage Effeuillage Burlesque Paris \u2013 Dimanche 7 Juin avec Mlle Loison"}]},{"@type":"WebSite","@id":"https:\/\/www.olalaparty.com\/#website","url":"https:\/\/www.olalaparty.com\/","name":"Effeuillage Burlesque","description":"","publisher":{"@id":"https:\/\/www.olalaparty.com\/#organization"},"potentialAction":[{"@type":"SearchAction","target":{"@type":"EntryPoint","urlTemplate":"https:\/\/www.olalaparty.com\/?s={search_term_string}"},"query-input":{"@type":"PropertyValueSpecification","valueRequired":true,"valueName":"search_term_string"}}],"inLanguage":"en-US"},{"@type":"Organization","@id":"https:\/\/www.olalaparty.com\/#organization","name":"Olala Party","url":"https:\/\/www.olalaparty.com\/","logo":{"@type":"ImageObject","inLanguage":"en-US","@id":"https:\/\/www.olalaparty.com\/#\/schema\/logo\/image\/","url":"https:\/\/www.olalaparty.com\/wp-content\/uploads\/2023\/03\/effeuillage-burlesque-olala-party.svg","contentUrl":"https:\/\/www.olalaparty.com\/wp-content\/uploads\/2023\/03\/effeuillage-burlesque-olala-party.svg","width":97,"height":97,"caption":"Olala Party"},"image":{"@id":"https:\/\/www.olalaparty.com\/#\/schema\/logo\/image\/"}}]}},"_links":{"self":[{"href":"https:\/\/www.olalaparty.com\/en\/wp-json\/wp\/v2\/product\/9376","targetHints":{"allow":["GET"]}}],"collection":[{"href":"https:\/\/www.olalaparty.com\/en\/wp-json\/wp\/v2\/product"}],"about":[{"href":"https:\/\/www.olalaparty.com\/en\/wp-json\/wp\/v2\/types\/product"}],"wp:featuredmedia":[{"embeddable":true,"href":"https:\/\/www.olalaparty.com\/en\/wp-json\/wp\/v2\/media\/9377"}],"wp:attachment":[{"href":"https:\/\/www.olalaparty.com\/en\/wp-json\/wp\/v2\/media?parent=9376"}],"wp:term":[{"taxonomy":"product_brand","embeddable":true,"href":"https:\/\/www.olalaparty.com\/en\/wp-json\/wp\/v2\/product_brand?post=9376"},{"taxonomy":"product_cat","embeddable":true,"href":"https:\/\/www.olalaparty.com\/en\/wp-json\/wp\/v2\/product_cat?post=9376"},{"taxonomy":"product_tag","embeddable":true,"href":"https:\/\/www.olalaparty.com\/en\/wp-json\/wp\/v2\/product_tag?post=9376"}],"curies":[{"name":"wp","href":"https:\/\/api.w.org\/{rel}","templated":true}]}}