{"id":9379,"date":"2026-03-10T15:15:37","date_gmt":"2026-03-10T14:15:37","guid":{"rendered":"https:\/\/www.olalaparty.com\/?post_type=product&#038;p=9379"},"modified":"2026-03-10T19:33:34","modified_gmt":"2026-03-10T18:33:34","slug":"cabaret-heels-cycle-printemps-mai-juin-2026","status":"publish","type":"product","link":"https:\/\/www.olalaparty.com\/en\/produit\/cabaret-heels-cycle-printemps-mai-juin-2026\/","title":{"rendered":"Cabaret Heels \u2013 CYCLE PRINTEMPS MAI-JUIN 2026"},"content":{"rendered":"","protected":false},"excerpt":{"rendered":"<p data-start=\"2374\" data-end=\"2420\"><strong data-start=\"2374\" data-end=\"2420\">Cycle Printemps \u2013 Show Cabaret au Bizz\u2019Art<\/strong><\/p>\n<p data-start=\"2422\" data-end=\"2460\">\u2728 <strong data-start=\"2424\" data-end=\"2460\">8 semaines pour monter sur sc\u00e8ne<\/strong><\/p>\n<p data-start=\"2462\" data-end=\"2561\">Le <strong data-start=\"2465\" data-end=\"2482\">Cabaret Heels<\/strong> est une danse glamour inspir\u00e9e des showgirls et des grandes sc\u00e8nes de cabaret.<\/p>\n<p data-start=\"2563\" data-end=\"2712\">Ce cycle vous invite \u00e0 explorer la puissance du mouvement en talons et \u00e0 d\u00e9velopper votre pr\u00e9sence sc\u00e9nique dans un univers \u00e9l\u00e9gant et spectaculaire.<\/p>\n<p data-start=\"2714\" data-end=\"2750\">Pendant 8 semaines vous apprendrez :<\/p>\n<p data-start=\"2752\" data-end=\"2868\">\u2728 une chor\u00e9graphie cabaret en talons<br data-start=\"2788\" data-end=\"2791\" \/>\u2728 la posture et l\u2019attitude showgirl<br data-start=\"2826\" data-end=\"2829\" \/>\u2728 le travail du regard et de la sc\u00e8ne<\/p>\n<p data-start=\"2870\" data-end=\"2943\">Le cycle se termine par une <strong data-start=\"2898\" data-end=\"2942\">pr\u00e9sentation sur sc\u00e8ne.<\/strong><\/p>\n<p data-start=\"2945\" data-end=\"3025\">\u2728 Une exp\u00e9rience unique pour se sentir <strong data-start=\"2984\" data-end=\"3024\">puissante, \u00e9l\u00e9gante et spectaculaire<\/strong>.<\/p>\n<p data-start=\"3027\" data-end=\"3049\"><strong data-start=\"3027\" data-end=\"3049\">Professeure : Ang\u00e9lina<\/strong><\/p>\n<p data-start=\"3051\" data-end=\"3097\">\ud83d\udd50 <strong>Dimanche :<\/strong> 13h \u2013 15h<\/p>\n<p data-start=\"3051\" data-end=\"3097\">\ud83d\udcc5 <strong>Dates :<\/strong><br data-start=\"3061\" data-end=\"3064\" \/>10, 24, 31 mai<br data-start=\"3078\" data-end=\"3081\" \/>7, 14, 21 juin<\/p>\n<p data-start=\"3051\" data-end=\"3097\"><strong>Adresse :<\/strong><br \/>\nStudio Bleu 14 bd Poissonni\u00e8re Paris 9 \u00e8me<\/p>\n<p data-start=\"3124\" data-end=\"3194\"><strong>R\u00e9p\u00e9tition g\u00e9n\u00e9rale :<\/strong><br data-start=\"3148\" data-end=\"3151\" \/>27 juin \u2013 14h \u00e0 17h<\/p>\n<p data-start=\"3196\" data-end=\"3250\">\u2728 <strong data-start=\"3198\" data-end=\"3250\">Show Cabaret : dimanche 28 juin \u2013 Bizz\u2019Art Paris<\/strong><\/p>\n<p data-start=\"1294\" data-end=\"1360\">\u2728\u00a0<strong data-start=\"1296\" data-end=\"1314\">Show Cabaret :<\/strong><br data-start=\"1314\" data-end=\"1317\" \/>dimanche 28 juin \u2013\u00a0<strong data-start=\"1336\" data-end=\"1360\">Bizz\u2019Art Paris (10e)<\/strong><\/p>\n<p data-start=\"1367\" data-end=\"1532\">\u2728\u00a0<strong data-start=\"1369\" data-end=\"1417\">Les places sont limit\u00e9es \u00e0 14 \u00e9l\u00e8ves maximum<\/strong>\u00a0afin de garantir un accompagnement de qualit\u00e9.<br data-start=\"1464\" data-end=\"1467\" \/>Nous vous conseillons de\u00a0<strong data-start=\"1492\" data-end=\"1532\">r\u00e9server votre place d\u00e8s maintenant.<\/strong><\/p>\n<p data-start=\"1550\" data-end=\"1559\"><strong data-start=\"1550\" data-end=\"1559\">Tarif : 350 \u20ac \u2013 &gt;\u00a0<\/strong><strong data-start=\"1563\" data-end=\"1591\">Promo Early Bird : 320 \u20ac<\/strong><\/p>\n<p data-start=\"1593\" data-end=\"1611\"><strong>Le prix comprend :<\/strong><\/p>\n<p data-start=\"1613\" data-end=\"1730\">\u2728 les heures de cours<br data-start=\"1634\" data-end=\"1637\" \/>\u2728 le passage sur sc\u00e8ne<br data-start=\"1659\" data-end=\"1662\" \/>\u2728 photos et vid\u00e9os de groupe<br data-start=\"1690\" data-end=\"1693\" \/>\u2728 petits cadeaux pour votre costume<br \/>\n\u2728 le maquillage par make-up forever le jour J<\/p>\n<p data-start=\"1737\" data-end=\"1825\">\u2728\u00a0<strong data-start=\"1739\" data-end=\"1825\">Rejoignez l\u2019aventure Olala Party et venez vivre l\u2019exp\u00e9rience du cabaret sur sc\u00e8ne.<\/strong><\/p>\n","protected":false},"featured_media":9380,"template":"","meta":[],"product_brand":[],"product_cat":[21],"product_tag":[],"class_list":{"0":"post-9379","1":"product","2":"type-product","3":"status-publish","4":"has-post-thumbnail","6":"product_cat-t-shirt","8":"first","9":"instock","10":"sale","11":"taxable","12":"shipping-taxable","13":"purchasable","14":"product-type-simple"},"yoast_head":"<!-- This site is optimized with the Yoast SEO plugin v27.5 - https:\/\/yoast.com\/product\/yoast-seo-wordpress\/ -->\n<title>Cabaret Heels \u2013 CYCLE PRINTEMPS MAI-JUIN 2026 - Effeuillage Burlesque<\/title>\n<meta name=\"robots\" content=\"index, follow, max-snippet:-1, max-image-preview:large, max-video-preview:-1\" \/>\n<link rel=\"canonical\" href=\"https:\/\/www.olalaparty.com\/produit\/cabaret-heels-cycle-printemps-mai-juin-2026\/\" \/>\n<meta property=\"og:locale\" content=\"en_US\" \/>\n<meta property=\"og:type\" content=\"article\" \/>\n<meta property=\"og:title\" content=\"Cabaret Heels \u2013 CYCLE PRINTEMPS MAI-JUIN 2026 - Effeuillage Burlesque\" \/>\n<meta property=\"og:description\" content=\"Cycle Printemps \u2013 Show Cabaret au Bizz\u2019Art \u2728 8 semaines pour monter sur sc\u00e8ne Le Cabaret Heels est une danse glamour inspir\u00e9e des showgirls et des grandes sc\u00e8nes de cabaret. Ce cycle vous invite \u00e0 explorer la puissance du mouvement en talons et \u00e0 d\u00e9velopper votre pr\u00e9sence sc\u00e9nique dans un univers \u00e9l\u00e9gant et spectaculaire. Pendant 8 semaines vous apprendrez : \u2728 une chor\u00e9graphie cabaret en talons\u2728 la posture et l\u2019attitude showgirl\u2728 le travail du regard et de la sc\u00e8ne Le cycle se termine par une pr\u00e9sentation sur sc\u00e8ne. \u2728 Une exp\u00e9rience unique pour se sentir puissante, \u00e9l\u00e9gante et spectaculaire. Professeure : Ang\u00e9lina \ud83d\udd50 Dimanche : 13h \u2013 15h \ud83d\udcc5 Dates :10, 24, 31 mai7, 14, 21 juin Adresse : Studio Bleu 14 bd Poissonni\u00e8re Paris 9 \u00e8me R\u00e9p\u00e9tition g\u00e9n\u00e9rale :27 juin \u2013 14h \u00e0 17h \u2728 Show Cabaret : dimanche 28 juin \u2013 Bizz\u2019Art Paris \u2728\u00a0Show Cabaret :dimanche 28 juin \u2013\u00a0Bizz\u2019Art Paris (10e) \u2728\u00a0Les places sont limit\u00e9es \u00e0 14 \u00e9l\u00e8ves maximum\u00a0afin de garantir un accompagnement de qualit\u00e9.Nous vous conseillons de\u00a0r\u00e9server votre place d\u00e8s maintenant. Tarif : 350 \u20ac \u2013 &gt;\u00a0Promo Early Bird : 320 \u20ac Le prix comprend : \u2728 les heures de cours\u2728 le passage sur sc\u00e8ne\u2728 photos et vid\u00e9os de groupe\u2728 petits cadeaux pour votre costume \u2728 le maquillage par make-up forever le jour J \u2728\u00a0Rejoignez l\u2019aventure Olala Party et venez vivre l\u2019exp\u00e9rience du cabaret sur sc\u00e8ne.\" \/>\n<meta property=\"og:url\" content=\"https:\/\/www.olalaparty.com\/produit\/cabaret-heels-cycle-printemps-mai-juin-2026\/\" \/>\n<meta property=\"og:site_name\" content=\"Effeuillage Burlesque\" \/>\n<meta property=\"article:modified_time\" content=\"2026-03-10T18:33:34+00:00\" \/>\n<meta property=\"og:image\" content=\"https:\/\/www.olalaparty.com\/wp-content\/uploads\/2026\/03\/Capture-decran-2026-03-09-a-16.06.09.png\" \/>\n\t<meta property=\"og:image:width\" content=\"746\" \/>\n\t<meta property=\"og:image:height\" content=\"746\" \/>\n\t<meta property=\"og:image:type\" content=\"image\/png\" \/>\n<meta name=\"twitter:card\" content=\"summary_large_image\" \/>\n<meta name=\"twitter:label1\" content=\"Est. reading time\" \/>\n\t<meta name=\"twitter:data1\" content=\"1 minute\" \/>\n<script type=\"application\/ld+json\" class=\"yoast-schema-graph\">{\"@context\":\"https:\\\/\\\/schema.org\",\"@graph\":[{\"@type\":\"WebPage\",\"@id\":\"https:\\\/\\\/www.olalaparty.com\\\/produit\\\/cabaret-heels-cycle-printemps-mai-juin-2026\\\/\",\"url\":\"https:\\\/\\\/www.olalaparty.com\\\/produit\\\/cabaret-heels-cycle-printemps-mai-juin-2026\\\/\",\"name\":\"Cabaret Heels \u2013 CYCLE PRINTEMPS MAI-JUIN 2026 - Effeuillage Burlesque\",\"isPartOf\":{\"@id\":\"https:\\\/\\\/www.olalaparty.com\\\/#website\"},\"primaryImageOfPage\":{\"@id\":\"https:\\\/\\\/www.olalaparty.com\\\/produit\\\/cabaret-heels-cycle-printemps-mai-juin-2026\\\/#primaryimage\"},\"image\":{\"@id\":\"https:\\\/\\\/www.olalaparty.com\\\/produit\\\/cabaret-heels-cycle-printemps-mai-juin-2026\\\/#primaryimage\"},\"thumbnailUrl\":\"https:\\\/\\\/www.olalaparty.com\\\/wp-content\\\/uploads\\\/2026\\\/03\\\/Capture-decran-2026-03-09-a-16.06.09.png\",\"datePublished\":\"2026-03-10T14:15:37+00:00\",\"dateModified\":\"2026-03-10T18:33:34+00:00\",\"breadcrumb\":{\"@id\":\"https:\\\/\\\/www.olalaparty.com\\\/produit\\\/cabaret-heels-cycle-printemps-mai-juin-2026\\\/#breadcrumb\"},\"inLanguage\":\"en-US\",\"potentialAction\":[{\"@type\":\"ReadAction\",\"target\":[\"https:\\\/\\\/www.olalaparty.com\\\/produit\\\/cabaret-heels-cycle-printemps-mai-juin-2026\\\/\"]}]},{\"@type\":\"ImageObject\",\"inLanguage\":\"en-US\",\"@id\":\"https:\\\/\\\/www.olalaparty.com\\\/produit\\\/cabaret-heels-cycle-printemps-mai-juin-2026\\\/#primaryimage\",\"url\":\"https:\\\/\\\/www.olalaparty.com\\\/wp-content\\\/uploads\\\/2026\\\/03\\\/Capture-decran-2026-03-09-a-16.06.09.png\",\"contentUrl\":\"https:\\\/\\\/www.olalaparty.com\\\/wp-content\\\/uploads\\\/2026\\\/03\\\/Capture-decran-2026-03-09-a-16.06.09.png\",\"width\":746,\"height\":746},{\"@type\":\"BreadcrumbList\",\"@id\":\"https:\\\/\\\/www.olalaparty.com\\\/produit\\\/cabaret-heels-cycle-printemps-mai-juin-2026\\\/#breadcrumb\",\"itemListElement\":[{\"@type\":\"ListItem\",\"position\":1,\"name\":\"Accueil\",\"item\":\"https:\\\/\\\/www.olalaparty.com\\\/en\\\/home\\\/\"},{\"@type\":\"ListItem\",\"position\":2,\"name\":\"Boutique\",\"item\":\"https:\\\/\\\/www.olalaparty.com\\\/boutique-olala\\\/\"},{\"@type\":\"ListItem\",\"position\":3,\"name\":\"Cabaret Heels \u2013 CYCLE PRINTEMPS MAI-JUIN 2026\"}]},{\"@type\":\"WebSite\",\"@id\":\"https:\\\/\\\/www.olalaparty.com\\\/#website\",\"url\":\"https:\\\/\\\/www.olalaparty.com\\\/\",\"name\":\"Effeuillage Burlesque\",\"description\":\"\",\"publisher\":{\"@id\":\"https:\\\/\\\/www.olalaparty.com\\\/#organization\"},\"potentialAction\":[{\"@type\":\"SearchAction\",\"target\":{\"@type\":\"EntryPoint\",\"urlTemplate\":\"https:\\\/\\\/www.olalaparty.com\\\/?s={search_term_string}\"},\"query-input\":{\"@type\":\"PropertyValueSpecification\",\"valueRequired\":true,\"valueName\":\"search_term_string\"}}],\"inLanguage\":\"en-US\"},{\"@type\":\"Organization\",\"@id\":\"https:\\\/\\\/www.olalaparty.com\\\/#organization\",\"name\":\"Olala Party\",\"url\":\"https:\\\/\\\/www.olalaparty.com\\\/\",\"logo\":{\"@type\":\"ImageObject\",\"inLanguage\":\"en-US\",\"@id\":\"https:\\\/\\\/www.olalaparty.com\\\/#\\\/schema\\\/logo\\\/image\\\/\",\"url\":\"https:\\\/\\\/www.olalaparty.com\\\/wp-content\\\/uploads\\\/2023\\\/03\\\/effeuillage-burlesque-olala-party.svg\",\"contentUrl\":\"https:\\\/\\\/www.olalaparty.com\\\/wp-content\\\/uploads\\\/2023\\\/03\\\/effeuillage-burlesque-olala-party.svg\",\"width\":97,\"height\":97,\"caption\":\"Olala Party\"},\"image\":{\"@id\":\"https:\\\/\\\/www.olalaparty.com\\\/#\\\/schema\\\/logo\\\/image\\\/\"}}]}<\/script>\n<!-- \/ Yoast SEO plugin. -->","yoast_head_json":{"title":"Cabaret Heels \u2013 CYCLE PRINTEMPS MAI-JUIN 2026 - Effeuillage Burlesque","robots":{"index":"index","follow":"follow","max-snippet":"max-snippet:-1","max-image-preview":"max-image-preview:large","max-video-preview":"max-video-preview:-1"},"canonical":"https:\/\/www.olalaparty.com\/produit\/cabaret-heels-cycle-printemps-mai-juin-2026\/","og_locale":"en_US","og_type":"article","og_title":"Cabaret Heels \u2013 CYCLE PRINTEMPS MAI-JUIN 2026 - Effeuillage Burlesque","og_description":"Cycle Printemps \u2013 Show Cabaret au Bizz\u2019Art \u2728 8 semaines pour monter sur sc\u00e8ne Le Cabaret Heels est une danse glamour inspir\u00e9e des showgirls et des grandes sc\u00e8nes de cabaret. Ce cycle vous invite \u00e0 explorer la puissance du mouvement en talons et \u00e0 d\u00e9velopper votre pr\u00e9sence sc\u00e9nique dans un univers \u00e9l\u00e9gant et spectaculaire. Pendant 8 semaines vous apprendrez : \u2728 une chor\u00e9graphie cabaret en talons\u2728 la posture et l\u2019attitude showgirl\u2728 le travail du regard et de la sc\u00e8ne Le cycle se termine par une pr\u00e9sentation sur sc\u00e8ne. \u2728 Une exp\u00e9rience unique pour se sentir puissante, \u00e9l\u00e9gante et spectaculaire. Professeure : Ang\u00e9lina \ud83d\udd50 Dimanche : 13h \u2013 15h \ud83d\udcc5 Dates :10, 24, 31 mai7, 14, 21 juin Adresse : Studio Bleu 14 bd Poissonni\u00e8re Paris 9 \u00e8me R\u00e9p\u00e9tition g\u00e9n\u00e9rale :27 juin \u2013 14h \u00e0 17h \u2728 Show Cabaret : dimanche 28 juin \u2013 Bizz\u2019Art Paris \u2728\u00a0Show Cabaret :dimanche 28 juin \u2013\u00a0Bizz\u2019Art Paris (10e) \u2728\u00a0Les places sont limit\u00e9es \u00e0 14 \u00e9l\u00e8ves maximum\u00a0afin de garantir un accompagnement de qualit\u00e9.Nous vous conseillons de\u00a0r\u00e9server votre place d\u00e8s maintenant. Tarif : 350 \u20ac \u2013 &gt;\u00a0Promo Early Bird : 320 \u20ac Le prix comprend : \u2728 les heures de cours\u2728 le passage sur sc\u00e8ne\u2728 photos et vid\u00e9os de groupe\u2728 petits cadeaux pour votre costume \u2728 le maquillage par make-up forever le jour J \u2728\u00a0Rejoignez l\u2019aventure Olala Party et venez vivre l\u2019exp\u00e9rience du cabaret sur sc\u00e8ne.","og_url":"https:\/\/www.olalaparty.com\/produit\/cabaret-heels-cycle-printemps-mai-juin-2026\/","og_site_name":"Effeuillage Burlesque","article_modified_time":"2026-03-10T18:33:34+00:00","og_image":[{"width":746,"height":746,"url":"https:\/\/www.olalaparty.com\/wp-content\/uploads\/2026\/03\/Capture-decran-2026-03-09-a-16.06.09.png","type":"image\/png"}],"twitter_card":"summary_large_image","twitter_misc":{"Est. reading time":"1 minute"},"schema":{"@context":"https:\/\/schema.org","@graph":[{"@type":"WebPage","@id":"https:\/\/www.olalaparty.com\/produit\/cabaret-heels-cycle-printemps-mai-juin-2026\/","url":"https:\/\/www.olalaparty.com\/produit\/cabaret-heels-cycle-printemps-mai-juin-2026\/","name":"Cabaret Heels \u2013 CYCLE PRINTEMPS MAI-JUIN 2026 - Effeuillage Burlesque","isPartOf":{"@id":"https:\/\/www.olalaparty.com\/#website"},"primaryImageOfPage":{"@id":"https:\/\/www.olalaparty.com\/produit\/cabaret-heels-cycle-printemps-mai-juin-2026\/#primaryimage"},"image":{"@id":"https:\/\/www.olalaparty.com\/produit\/cabaret-heels-cycle-printemps-mai-juin-2026\/#primaryimage"},"thumbnailUrl":"https:\/\/www.olalaparty.com\/wp-content\/uploads\/2026\/03\/Capture-decran-2026-03-09-a-16.06.09.png","datePublished":"2026-03-10T14:15:37+00:00","dateModified":"2026-03-10T18:33:34+00:00","breadcrumb":{"@id":"https:\/\/www.olalaparty.com\/produit\/cabaret-heels-cycle-printemps-mai-juin-2026\/#breadcrumb"},"inLanguage":"en-US","potentialAction":[{"@type":"ReadAction","target":["https:\/\/www.olalaparty.com\/produit\/cabaret-heels-cycle-printemps-mai-juin-2026\/"]}]},{"@type":"ImageObject","inLanguage":"en-US","@id":"https:\/\/www.olalaparty.com\/produit\/cabaret-heels-cycle-printemps-mai-juin-2026\/#primaryimage","url":"https:\/\/www.olalaparty.com\/wp-content\/uploads\/2026\/03\/Capture-decran-2026-03-09-a-16.06.09.png","contentUrl":"https:\/\/www.olalaparty.com\/wp-content\/uploads\/2026\/03\/Capture-decran-2026-03-09-a-16.06.09.png","width":746,"height":746},{"@type":"BreadcrumbList","@id":"https:\/\/www.olalaparty.com\/produit\/cabaret-heels-cycle-printemps-mai-juin-2026\/#breadcrumb","itemListElement":[{"@type":"ListItem","position":1,"name":"Accueil","item":"https:\/\/www.olalaparty.com\/en\/home\/"},{"@type":"ListItem","position":2,"name":"Boutique","item":"https:\/\/www.olalaparty.com\/boutique-olala\/"},{"@type":"ListItem","position":3,"name":"Cabaret Heels \u2013 CYCLE PRINTEMPS MAI-JUIN 2026"}]},{"@type":"WebSite","@id":"https:\/\/www.olalaparty.com\/#website","url":"https:\/\/www.olalaparty.com\/","name":"Effeuillage Burlesque","description":"","publisher":{"@id":"https:\/\/www.olalaparty.com\/#organization"},"potentialAction":[{"@type":"SearchAction","target":{"@type":"EntryPoint","urlTemplate":"https:\/\/www.olalaparty.com\/?s={search_term_string}"},"query-input":{"@type":"PropertyValueSpecification","valueRequired":true,"valueName":"search_term_string"}}],"inLanguage":"en-US"},{"@type":"Organization","@id":"https:\/\/www.olalaparty.com\/#organization","name":"Olala Party","url":"https:\/\/www.olalaparty.com\/","logo":{"@type":"ImageObject","inLanguage":"en-US","@id":"https:\/\/www.olalaparty.com\/#\/schema\/logo\/image\/","url":"https:\/\/www.olalaparty.com\/wp-content\/uploads\/2023\/03\/effeuillage-burlesque-olala-party.svg","contentUrl":"https:\/\/www.olalaparty.com\/wp-content\/uploads\/2023\/03\/effeuillage-burlesque-olala-party.svg","width":97,"height":97,"caption":"Olala Party"},"image":{"@id":"https:\/\/www.olalaparty.com\/#\/schema\/logo\/image\/"}}]}},"_links":{"self":[{"href":"https:\/\/www.olalaparty.com\/en\/wp-json\/wp\/v2\/product\/9379","targetHints":{"allow":["GET"]}}],"collection":[{"href":"https:\/\/www.olalaparty.com\/en\/wp-json\/wp\/v2\/product"}],"about":[{"href":"https:\/\/www.olalaparty.com\/en\/wp-json\/wp\/v2\/types\/product"}],"wp:featuredmedia":[{"embeddable":true,"href":"https:\/\/www.olalaparty.com\/en\/wp-json\/wp\/v2\/media\/9380"}],"wp:attachment":[{"href":"https:\/\/www.olalaparty.com\/en\/wp-json\/wp\/v2\/media?parent=9379"}],"wp:term":[{"taxonomy":"product_brand","embeddable":true,"href":"https:\/\/www.olalaparty.com\/en\/wp-json\/wp\/v2\/product_brand?post=9379"},{"taxonomy":"product_cat","embeddable":true,"href":"https:\/\/www.olalaparty.com\/en\/wp-json\/wp\/v2\/product_cat?post=9379"},{"taxonomy":"product_tag","embeddable":true,"href":"https:\/\/www.olalaparty.com\/en\/wp-json\/wp\/v2\/product_tag?post=9379"}],"curies":[{"name":"wp","href":"https:\/\/api.w.org\/{rel}","templated":true}]}}